{"id":1104,"date":"2023-06-08T12:02:53","date_gmt":"2023-06-08T10:02:53","guid":{"rendered":"https:\/\/bachaturo.com\/__bachaturo?page_id=1104"},"modified":"2023-11-07T01:37:16","modified_gmt":"2023-11-06T23:37:16","slug":"privacy-policy-english","status":"publish","type":"page","link":"https:\/\/bachaturo.com\/index.php\/en\/privacy-policy-english\/","title":{"rendered":"Privacy Policy &#8211; English"},"content":{"rendered":"<section class=\"wpb-content-wrapper\"><p>[vc_row css_animation=&#8221;&#8221; row_type=&#8221;row&#8221; use_row_as_full_screen_section=&#8221;no&#8221; type=&#8221;full_width&#8221; angled_section=&#8221;no&#8221; text_align=&#8221;left&#8221; background_image_as_pattern=&#8221;without_pattern&#8221; css=&#8221;.vc_custom_1683014915173{background-color: #f7f5f2 !important;}&#8221; z_index=&#8221;&#8221;][vc_column][vc_row_inner row_type=&#8221;row&#8221; type=&#8221;full_width&#8221; text_align=&#8221;left&#8221; css_animation=&#8221;&#8221;][vc_column_inner css=&#8221;.vc_custom_1685955857038{padding-right: 5% !important;padding-left: 5% !important;}&#8221;][vc_empty_space][vc_column_text]<\/p>\n<h2 style=\"text-align: center;\">Privacy Policy<\/h2>\n<p>[\/vc_column_text][vc_empty_space][vc_column_text]Privacy Policy Rules for the Bachaturo Festival<\/p>\n<ol>\n<li>Introduction<br \/>\n1.1 This Privacy Policy Rules set out the principles of collecting, processing, and protecting personal data of the Bachaturo Festival participants (hereinafter referred to as the &#8220;Festival&#8221;).<br \/>\n1.2 The organizer and data administrator is Artur Zab\u0142otny, located at Tr\u0119bacz\u00f3w 71, 21-010 \u0141\u0119czna Poland(hereinafter referred to as the &#8220;Administrator&#8221;).<br \/>\n1.3 The Policy aims to ensure the privacy of the Festival participants in accordance with applicable regulations, in particular with the Regulation (EU) 2016\/679 of the European Parliament and of the Council of 27 April 2016 on the protection of natural persons with regard to the processing of personal data and on the free movement of such data (hereinafter: &#8220;GDPR&#8221;).<\/li>\n<li>Collection and use of personal data<br \/>\n2.1 During registration for the Festival, the participant will be asked to provide certain personal data, such as name, surname, e-mail address, telephone number, etc. The Administrator collects only those personal data that are necessary for purposes related to the organization of the Festival.<br \/>\n2.2 The participant consents to the processing of his\/her personal data for the purpose of organizing the Festival.<br \/>\n2.3 Participants&#8217; personal data may be used for organizational purposes, such as: registration of participants, communication with participants, providing proper service to participants during the Festival, evaluation, and improvement of the Festival.<\/li>\n<li>Protection and security of personal data<br \/>\n3.1 The Administrator undertakes to comply with data protection regulations and to take appropriate technical and organizational measures to ensure the security of the participants&#8217; personal data.<br \/>\n3.2 Participants&#8217; personal data will not be disclosed or sold to other entities without the express consent of the participant unless required by law.<br \/>\n3.3 The Administrator takes all necessary technical and organizational measures to protect the participants&#8217; personal data against unauthorized access, loss, damage, or unauthorized disclosure.<\/li>\n<li>Rights of the data subjects<br \/>\n4.1 The participant has the right to access, correct, update, and delete his\/her personal data provided during registration for the Festival.<br \/>\n4.2 The participant has the right to withdraw consent to the processing of his\/her personal data at any time. The withdrawal of consent does not affect the legality of the processing carried out before its withdrawal.<br \/>\n4.3 The user has the right to lodge a complaint with the supervisory authority if he\/she believes that the processing of personal data concerning him\/her violates the provisions of the GDPR.<\/li>\n<li>Cookies<br \/>\n5.1 The Festival&#8217;s website may use cookies to facilitate navigation and adjust the content to the user&#8217;s preferences.<br \/>\n5.2 Cookies can also be used for statistical purposes, such as analyzing traffic on the Festival&#8217;s website and optimizing its functionality.<br \/>\n5.3 The participant has the ability to manage cookie settings through the options available in the web browser, including blocking or deleting cookies.<\/li>\n<li>Data retention period<br \/>\n6.1 Personal data of Festival participants will be stored for the period necessary to achieve the purposes for which they were collected, in accordance with applicable laws.<br \/>\n6.2 After the Festival, the personal data of the participants may be stored for archival purposes in accordance with applicable laws.<\/li>\n<li>Changes to the privacy policy<br \/>\n7.1 The Administrator reserves the right to make changes to this Privacy Policy Rules. Any changes will be published on the Festival&#8217;s website.<br \/>\n7.2 Participants are required to regularly check the privacy policy to familiarize themselves with any changes.<\/li>\n<li>Contact<br \/>\n8.1 In case of questions, doubts, or reporting regarding the Bachaturo Festival Privacy Policy, participants can contact the Organizer using the provided contact details: Artur Zab\u0142otny Tr\u0119bacz\u00f3w 71 21-010 \u0141\u0119czna Poland E-mail: <a href=\"mailto:artur.zablotny@wp.pl\">artur.zablotny@wp.pl<\/a><br \/>\n8.2 Queries and reports regarding the Privacy Policy should be directed directly to the Organizer of the Bachaturo Festival using the above contact details.<\/li>\n<\/ol>\n<p>[\/vc_column_text][vc_empty_space][\/vc_column_inner][\/vc_row_inner][vc_raw_html]JTNDZm9ybSUyMHN0eWxlJTNEJTIyZGlzcGxheSUzQW5vbmUlM0IlMjIlMjBhY3Rpb24lM0QlMjJodHRwcyUzQSUyRiUyRnRpY2tldHMuYmFjaGF0dXJvLmNvbSUyRmFkZHRpY2tldCUzRmVuJTIyJTIwbmFtZSUzRCUyMnRpY2tldEZvcm0lMjIlMjBtZXRob2QlM0QlMjJwb3N0JTIyJTIwY2xhc3MlM0QlMjJ0aWNrZXRfZm9ybSUyMiUyMCUzRSUwQSUyMCUyMCUzQ2gyJTIwc3R5bGUlM0QlMjJ0ZXh0LWFsaWduJTNBJTIwY2VudGVyJTNCJTIwbWFyZ2luLWJvdHRvbSUzQSUyMDE1cHglM0IlMjIlM0VSRUdJU1RSQVRJT04lMjBGT1JNJTNDJTJGaDIlM0UlMEElM0NwJTIwc3R5bGUlM0QlMjJ0ZXh0LWFsaWduJTNBY2VudGVyJTNCJTIwZm9udC13ZWlnaHQlM0E0MDAlM0IlMjBtYXJnaW4tYm90dG9tJTNBJTIwMTVweCUyMiUzRVBsZWFzZSUyMHJlZnJhaW4lMjBmcm9tJTIwdXNpbmclMjBzcGVjaWFsJTIwY2hhcmFjdGVycyUyMHNwZWNpZmljJTIwdG8lMjB2YXJpb3VzJTIwbGFuZ3VhZ2VzJTIwJTI4ZS5nLiUyMCVDMyVBNCUyQyUyMCVDMyVCMSUyQyUyMCVDMyVCNCUyQyUyMCVDMyVBNyUyQyUyMGV0Yy4lMjklMjBhbmQlMjB1c2UlMjBvbmx5JTIwc3RhbmRhcmQlMjBMYXRpbiUyMGxldHRlcnMlMjB3aGlsZSUyMGZpbGxpbmclMjBvdXQlMjB0aGUlMjBmb3JtLiUzQyUyRnAlM0UlMEElMjAlMjAlM0NkaXYlMjBzdHlsZSUzRCUyMmRpc3BsYXklM0FmbGV4JTNCanVzdGlmeS1jb250ZW50JTNBJTIwY2VudGVyJTNCJTIyJTNFJTBBJTIwJTIwJTIwJTIwJTNDdGFibGUlMjBib3JkZXIlM0QlMjIwJTIyJTIwY2VsbHNwYWNpbmclM0QlMjI1JTIyJTIwY2VsbHBhZGRpbmclM0QlMjI1JTIyJTIwc3R5bGUlM0QlMjJtYXgtd2lkdGglM0E2MDBweCUzQiUyMiUzRSUwQSUzQ3Rib2R5JTNFJTBBJTNDdHIlM0UlMEElM0N0aCUzRU5hbWUlM0ElM0MlMkZ0aCUzRSUwQSUzQ3RkJTNFJTNDaW5wdXQlMjB0eXBlJTNEJTIydGV4dCUyMiUyMG5hbWUlM0QlMjJ0JTVCbmFtZSU1RCUyMiUyMHZhbHVlJTNEJTIyJTIyJTIwbWF4bGVuZ3RoJTNEJTIyNTAlMjIlMjBjbGFzcyUzRCUyMnQtaW5wdXQlMjIlMjByZXF1aXJlZCUyMCUyRiUzRSUzQyUyRnRkJTNFJTBBJTNDJTJGdHIlM0UlMEElM0N0ciUzRSUwQSUzQ3RoJTNFU3VybmFtZSUzQSUzQyUyRnRoJTNFJTBBJTNDdGQlM0UlM0NpbnB1dCUyMHR5cGUlM0QlMjJ0ZXh0JTIyJTIwbmFtZSUzRCUyMnQlNUJzdXJuYW1lJTVEJTIyJTIwdmFsdWUlM0QlMjIlMjIlMjBtYXhsZW5ndGglM0QlMjI1MCUyMiUyMGNsYXNzJTNEJTIydC1pbnB1dCUyMiUyMHJlcXVpcmVkJTIwJTJGJTNFJTNDJTJGdGQlM0UlMEElM0MlMkZ0ciUzRSUwQSUzQ3RyJTNFJTBBJTNDdGglM0VDaXR5JTNBJTNDJTJGdGglM0UlMEElM0N0ZCUzRSUzQ2lucHV0JTIwdHlwZSUzRCUyMnRleHQlMjIlMjBuYW1lJTNEJTIydCU1QmNpdHklNUQlMjIlMjB2YWx1ZSUzRCUyMiUyMiUyMG1heGxlbmd0aCUzRCUyMjUwJTIyJTIwY2xhc3MlM0QlMjJ0LWlucHV0JTIyJTIwcmVxdWlyZWQlMjAlMkYlM0UlM0MlMkZ0ZCUzRSUwQSUzQyUyRnRyJTNFJTBBJTNDdHIlM0UlMEElM0N0aCUzRUFkZHJlc3MlM0ElM0MlMkZ0aCUzRSUwQSUzQ3RkJTNFJTNDaW5wdXQlMjB0eXBlJTNEJTIydGV4dCUyMiUyMG5hbWUlM0QlMjJ0JTVCYWRkcmVzcyU1RCUyMiUyMHZhbHVlJTNEJTIyJTIyJTIwbWF4bGVuZ3RoJTNEJTIyMTAwJTIyJTIwY2xhc3MlM0QlMjJ0LWlucHV0JTIyJTIwcmVxdWlyZWQlMjAlMkYlM0UlM0MlMkZ0ZCUzRSUwQSUzQyUyRnRyJTNFJTBBJTNDdHIlM0UlMEElM0N0aCUzRUNvdW50cnklM0ElM0MlMkZ0aCUzRSUwQSUzQ3RkJTNFJTNDaW5wdXQlMjB0eXBlJTNEJTIydGV4dCUyMiUyMG5hbWUlM0QlMjJ0JTVCY291bnRyeSU1RCUyMiUyMHZhbHVlJTNEJTIyJTIyJTIwbWF4bGVuZ3RoJTNEJTIyNTAlMjIlMjBjbGFzcyUzRCUyMnQtaW5wdXQlMjIlMjByZXF1aXJlZCUyMCUyRiUzRSUzQyUyRnRkJTNFJTBBJTNDJTJGdHIlM0UlMEElM0N0ciUzRSUwQSUzQ3RoJTNFUGhvbmUlM0ElM0MlMkZ0aCUzRSUwQSUzQ3RkJTNFJTNDaW5wdXQlMjB0eXBlJTNEJTIydGV4dCUyMiUyMG5hbWUlM0QlMjJ0JTVCcGhvbmUlNUQlMjIlMjB2YWx1ZSUzRCUyMiUyMiUyMG1heGxlbmd0aCUzRCUyMjIwJTIyJTIwY2xhc3MlM0QlMjJ0LWlucHV0JTIyJTIwcmVxdWlyZWQlMjAlMkYlM0UlM0MlMkZ0ZCUzRSUwQSUzQyUyRnRyJTNFJTBBJTNDdHIlM0UlMEElM0N0aCUzRUUtbWFpbCUzQSUzQyUyRnRoJTNFJTBBJTNDdGQlM0UlM0NpbnB1dCUyMHR5cGUlM0QlMjJ0ZXh0JTIyJTIwbmFtZSUzRCUyMnQlNUJlbWFpbCU1RCUyMiUyMHZhbHVlJTNEJTIyJTIyJTIwbWF4bGVuZ3RoJTNEJTIyNTAlMjIlMjBjbGFzcyUzRCUyMnQtaW5wdXQlMjIlMjByZXF1aXJlZCUyMCUyRiUzRSUzQyUyRnRkJTNFJTBBJTNDJTJGdHIlM0UlMEElM0N0ciUzRSUwQSUzQ3RoJTNFVHlwZSUyMG9mJTIwdGlja2V0JTNBJTNDJTJGdGglM0UlMEElM0N0ZCUzRSUwQSUzQ3NlbGVjdCUyMG5hbWUlM0QlMjJ0JTVCdGlja2V0JTVEJTIyJTIwaWQlM0QlMjJ0aWNrZXRzJTIyJTIwY2xhc3MlM0QlMjJ0LWlucHV0JTIyJTIwc3R5bGUlM0QlMjJ3aWR0aCUzQTMxNXB4JTIyJTNFJTBBJTNDb3B0aW9uJTIwdmFsdWUlM0QlMjIxJTIyJTIwZGF0YS1pc2dyb3VwJTNEJTIyMCUyMiUzRUZ1bGxwYXNzJTNDJTJGb3B0aW9uJTNFJTBBJTNDb3B0aW9uJTIwdmFsdWUlM0QlMjIyJTIyJTIwZGF0YS1pc2dyb3VwJTNEJTIyMSUyMiUzRUdyb3VwJTIwRnVsbHBhc3MlM0MlMkZvcHRpb24lM0UlMEElM0NvcHRpb24lMjB2YWx1ZSUzRCUyMjUlMjIlMjBkYXRhLWlzZ3JvdXAlM0QlMjIwJTIyJTNFUGFydHlwYXNzJTNDJTJGb3B0aW9uJTNFJTBBJTNDb3B0aW9uJTIwdmFsdWUlM0QlMjIxNCUyMiUyMGRhdGEtaXNncm91cCUzRCUyMjAlMjIlM0VTYWxzYSUyMEFsbCUyMFN0eWxlc3MlMjBGdWxscGFzcyUyMCUzQyUyRm9wdGlvbiUzRSUwQSUzQ29wdGlvbiUyMHZhbHVlJTNEJTIyMTUlMjIlMjBkYXRhLWlzZ3JvdXAlM0QlMjIxJTIyJTNFU2Fsc2ElMjBBbGwlMjBTdHlsZXMlMjBHcm91cCUyMEZ1bGxwYXNzJTNDJTJGb3B0aW9uJTNFJTBBJTNDJTJGc2VsZWN0JTNFJTBBJTNDJTJGdGQlM0UlMEElM0MlMkZ0ciUzRSUwQSUzQ3RyJTNFJTBBJTNDdGglM0VHcm91cCUyME5hbWUlM0ElM0MlMkZ0aCUzRSUwQSUzQ3RkJTNFJTBBJTNDaW5wdXQlMjB0eXBlJTNEJTIydGV4dCUyMiUyMG5hbWUlM0QlMjJ0JTVCZ3JvdXBfbmFtZSU1RCUyMiUyMGlkJTNEJTIyZ3JvdXBfbmFtZSUyMiUyMHZhbHVlJTNEJTIyJTIyJTIwY2xhc3MlM0QlMjJ0LWlucHV0JTIyJTIwZGlzYWJsZWQlMkYlM0UlMEElM0MlMkZ0ZCUzRSUwQSUzQyUyRnRyJTNFJTBBJTNDdHIlM0UlMEElM0N0ZCUyMGNvbHNwYW4lM0QlMjIyJTIyJTIwc3R5bGUlM0QlMjJ0ZXh0LWFsaWduJTNBJTIwbGVmdCUzQiUyMiUzRSUwQSUzQ3AlM0VQbGVhc2UlMjBtYXJrJTIweW91ciUyMGZhdm9yaXRlJTIwZGFuY2UlMjBzdHlsZXMuJTIwVGhpcyUyMHdpbGwlMjBoZWxwJTIwdXMlMjB0byUyMGFkanVzdCUyMHRoZSUyMG9wdGltYWwlMjBzaXplJTIwb2YlMjB0aGUlMjByb29tcy4lMjBXZSUyMGFzayUyMEZ1bGxwYXNzJTIwYW5kJTIwUGFydHlwYXNzJTIwaG9sZGVycyUyMHRvJTIwaW5kaWNhdGUlMjB1cCUyMHRvJTIwMyUyMHByZWZlcnJlZCUyMHN0eWxlcyUyQyUyMHdoZXJlYXMlMjBmb3IlMjBTYWxzYSUyMFBhc3MlMjBob2xkZXJzJTJDJTIwd2UlMjBhc2slMjB5b3UlMjB0byUyMHNwZWNpZnklMjAyJTIwZmF2b3JpdGUlMjBzdHlsZXMuJTIwJTNDJTJGcCUzRSUwQSUzQ2lucHV0JTIwY2xhc3MlM0QlMjJkYW5jZSUyMiUyMHR5cGUlM0QlMjJjaGVja2JveCUyMiUyMG5hbWUlM0QlMjJkYW5jZSU1QiU1RCUyMiUyMHZhbHVlJTNEJTIyMSUyMiUyMGNoZWNrZWQlM0UlMjBTYWxzYSUyMCUzQ2JyJTIwJTJGJTNFJTBBJTNDaW5wdXQlMjBjbGFzcyUzRCUyMmRhbmNlJTIyJTIwdHlwZSUzRCUyMmNoZWNrYm94JTIyJTIwbmFtZSUzRCUyMmRhbmNlJTVCJTVEJTIyJTIwdmFsdWUlM0QlMjIyJTIyJTIwJTNFJTIwQmFjaGF0YSUyMCUzQ2JyJTIwJTJGJTNFJTBBJTNDaW5wdXQlMjBjbGFzcyUzRCUyMmRhbmNlJTIyJTIwdHlwZSUzRCUyMmNoZWNrYm94JTIyJTIwbmFtZSUzRCUyMmRhbmNlJTVCJTVEJTIyJTIwdmFsdWUlM0QlMjI4JTIyJTIwJTNFJTIwS2l6b21iYSUyMCUzQ2JyJTIwJTJGJTNFJTBBJTNDaW5wdXQlMjBjbGFzcyUzRCUyMmRhbmNlJTIyJTIwdHlwZSUzRCUyMmNoZWNrYm94JTIyJTIwbmFtZSUzRCUyMmRhbmNlJTVCJTVEJTIyJTIwdmFsdWUlM0QlMjIxNiUyMiUyMCUzRSUyMEN1YmFuYSUwQSUwQSUzQ2JyJTIwJTJGJTNFJTBBJTNDaW5wdXQlMjBjbGFzcyUzRCUyMmFjY2VwdGFuY2UlMjIlMjB0eXBlJTNEJTIyY2hlY2tib3glMjIlMjBuYW1lJTNEJTIyYWNjZXB0JTVCJTVEJTIyJTIwcmVxdWlyZWQlMjAlMkYlM0UlMjAlMkFJJTIwaGF2ZSUyMHJlYWQlMkMlMjBhbmQlMjBhZ3JlZSUyMHRvJTIwdGhlJTIwJTNDYSUyMGhyZWYlM0QlMjJodHRwcyUzQSUyRiUyRmJhY2hhdHVyby5jb20lMkZpbmRleC5waHAlMkZlbiUyRmV2ZW50LXJlZ3VsYXRpb25zJTJGJTIyJTNFJTIwRXZlbnQlMjBSZWd1bGF0aW9ucyUzQyUyRmElM0UlMkMlMjAlM0NhJTIwaHJlZiUzRCUyMmh0dHBzJTNBJTJGJTJGYmFjaGF0dXJvLmNvbSUyRmluZGV4LnBocCUyRnByaXZhY3ktcG9saWN5LWVuZ2xpc2glMkYlMjIlM0UlMjBQcml2YWN5JTIwUG9saWN5JTIwJTNDJTJGYSUzRSUyMGFuZCUyMCUzQ2ElMjBocmVmJTNEJTIyaHR0cHMlM0ElMkYlMkZiYWNoYXR1cm8uY29tJTJGaW5kZXgucGhwJTJGZW4lMkZzcHJ6ZWRhei1iaWxldG93LWVuZ2xpc2glMkYlMjIlM0UlMjBUaWNrZXQlMjBQdXJjaGFzZSUyMFJlZ3VsYXRpb25zJTIwJTNDJTJGYSUzRSUwQSUwQSUzQyUyRnRkJTNFJTBBJTNDJTJGdHIlM0UlMEElM0N0ciUzRSUwQSUzQ3RkJTIwY29sc3BhbiUzRCUyMjIlMjIlM0UlM0NpbnB1dCUyMHR5cGUlM0QlMjJzdWJtaXQlMjIlMjBuYW1lJTNEJTIydGlja2V0X3N1Ym1pdCUyMiUyMGNsYXNzJTNEJTIycWJ1dHRvbiUyMGNlbnRlciUyMGRlZmF1bHQlMjIlMjB2YWx1ZSUzRCUyMlNlbmQlMjIlMkYlM0UlM0MlMkZ0ZCUzRSUwQSUzQyUyRnRyJTNFJTBBJTNDJTJGdGJvZHklM0UlMEElM0MlMkZ0YWJsZSUzRSUwQSUyMCUyMCUzQyUyRmRpdiUzRSUwQSUzQyUyRmZvcm0lM0UlMEElM0NzY3JpcHQlM0UlMEFsZXQlMjB0aWNrZXQlMjAlM0QlMjBkb2N1bWVudC5nZXRFbGVtZW50QnlJZCUyOCUyMnRpY2tldHMlMjIlMjklM0IlMEFsZXQlMjBncm91cF9uYW1lJTIwJTNEJTIwZG9jdW1lbnQuZ2V0RWxlbWVudEJ5SWQlMjglMjJncm91cF9uYW1lJTIyJTI5JTNCJTBBbGV0JTIwZGFuY2UlMjAlM0QlMjBkb2N1bWVudC5xdWVyeVNlbGVjdG9yQWxsJTI4JTI3LmRhbmNlJTI3JTI5JTNCJTBBdGlja2V0LmFkZEV2ZW50TGlzdGVuZXIlMjglMjJjaGFuZ2UlMjIlMkMlMjBmdW5jdGlvbiUyOCUyOSUyMCU3QiUwQWlmJTI4dGlja2V0LnZhbHVlJTNEJTNEMiUyMCU3QyU3QyUyMHRpY2tldC52YWx1ZSUzRCUzRDUlMjAlN0MlN0MlMjB0aWNrZXQudmFsdWUlM0QlM0QxNSUyOSU3QiUwQSUyMCUyMCUyMGdyb3VwX25hbWUuZGlzYWJsZWQlMjAlM0QlMjBmYWxzZSUzQiUwQSU3RCUyMGVsc2UlMjAlN0IlMEElMjAlMjBncm91cF9uYW1lLmRpc2FibGVkJTIwJTNEJTIwdHJ1ZSUzQiUwQSU3RCUwQSU3RCUyOSUzQiUwQWRhbmNlLmZvckVhY2glMjhpdGVtJTIwJTNEJTNFJTIwJTdCJTBBaXRlbS5hZGRFdmVudExpc3RlbmVyJTI4JTI3Y2xpY2slMjclMkMlMjAlMjhldmVudCUyOSUyMCUzRCUzRSUyMCU3QiUwQWlmJTI4dGlja2V0LnZhbHVlJTNEJTNEMSUyMCU3QyU3QyUyMHRpY2tldC52YWx1ZSUzRCUzRDIlMjAlN0MlN0MlMjB0aWNrZXQudmFsdWUlM0QlM0Q1JTI5JTdCJTBBJTIwJTIwJTIwaWYlMjhkb2N1bWVudC5xdWVyeVNlbGVjdG9yQWxsJTI4JTI3aW5wdXQuZGFuY2UlNUJ0eXBlJTNEY2hlY2tib3glNUQlM0FjaGVja2VkJTI3JTI5Lmxlbmd0aCUzRTMlMjklN0IlMEElMjAlMjAlMjAlMjAlMjBldmVudC5wcmV2ZW50RGVmYXVsdCUyOCUyOSUzQiUwQSUyMCUyMCUyMCUyMCUyMHJldHVybiUyMGZhbHNlJTNCJTdEJTBBJTdEJTIwZWxzZSUyMCU3QiUwQSUyMCUyMGlmJTI4ZG9jdW1lbnQucXVlcnlTZWxlY3RvckFsbCUyOCUyN2lucHV0LmRhbmNlJTVCdHlwZSUzRGNoZWNrYm94JTVEJTNBY2hlY2tlZCUyNyUyOS5sZW5ndGglM0UyJTI5JTdCJTBBJTIwJTIwJTIwJTIwJTIwZXZlbnQucHJldmVudERlZmF1bHQlMjglMjklM0IlMEElMjAlMjAlMjAlMjAlMjByZXR1cm4lMjBmYWxzZSUzQiU3RCUwQSU3RCUwQWlmJTI4ZG9jdW1lbnQucXVlcnlTZWxlY3RvckFsbCUyOCUyN2lucHV0LmRhbmNlJTVCdHlwZSUzRGNoZWNrYm94JTVEJTNBY2hlY2tlZCUyNyUyOS5sZW5ndGglM0QlM0QwJTI5JTdCJTBBJTIwJTIwJTIwJTIwJTIwZXZlbnQucHJldmVudERlZmF1bHQlMjglMjklM0IlMEElMjAlMjAlMjAlMjAlMjByZXR1cm4lMjBmYWxzZSUzQiUwQSU3RCUwQSU3RCUyOSUzQiUwQSU3RCUyOSUzQiUwQSUzQyUyRnNjcmlwdCUzRSUwQSUzQ3N0eWxlJTNFJTBBLnQtaW5wdXQlNUJkaXNhYmxlZCU1RCU3QiUwQSUyMCUyMCUyMCUyMGJhY2tncm91bmQlM0ElMjBsaWdodGdyZXklM0IlMEElN0QlMEElM0MlMkZzdHlsZSUzRQ==[\/vc_raw_html][vc_empty_space][vc_column_text]<\/p>\n<div style=\"text-align: center;\"><b>ACCOUNT ONLY FOR EURO:<\/b><\/div>\n<p style=\"text-align: center;\">Artur Zablotny<br \/>\nTrebaczow 71<br \/>\n21-010 Leczna<\/p>\n<p style=\"text-align: center;\">BIC\/SWIFT : BIGBPLPW<\/p>\n<p style=\"text-align: center;\">IBAN PL63116022020000000299773417<\/p>\n<div style=\"text-align: center;\">Bank Millennium S.A.<\/div>\n<div style=\"text-align: center;\">ul. Stanis\u0142awa Zaryna 2A, 02-593 Warsaw\u00a0Poland<\/div>\n<p>[\/vc_column_text][vc_empty_space][\/vc_column][\/vc_row]<\/p>\n<\/section>","protected":false},"excerpt":{"rendered":"<p>[vc_row css_animation=&#8221;&#8221; row_type=&#8221;row&#8221; use_row_as_full_screen_section=&#8221;no&#8221; type=&#8221;full_width&#8221; angled_section=&#8221;no&#8221; text_align=&#8221;left&#8221; background_image_as_pattern=&#8221;without_pattern&#8221; css=&#8221;.vc_custom_1683014915173{background-color: #f7f5f2 !important;}&#8221; z_index=&#8221;&#8221;][vc_column][vc_row_inner row_type=&#8221;row&#8221; type=&#8221;full_width&#8221; text_align=&#8221;left&#8221; css_animation=&#8221;&#8221;][vc_column_inner css=&#8221;.vc_custom_1685955857038{padding-right: 5% !important;padding-left: 5% !important;}&#8221;][vc_empty_space][vc_column_text] Privacy Policy [\/vc_column_text][vc_empty_space][vc_column_text]Privacy Policy Rules for the Bachaturo Festival Introduction 1.1 This Privacy Policy Rules set out the principles of collecting, processing, and protecting&#8230;<\/p>\n","protected":false},"author":1,"featured_media":0,"parent":0,"menu_order":0,"comment_status":"closed","ping_status":"closed","template":"full_width.php","meta":{"footnotes":""},"class_list":["post-1104","page","type-page","status-publish","hentry"],"yoast_head":"<!-- This site is optimized with the Yoast SEO plugin v27.4 - https:\/\/yoast.com\/product\/yoast-seo-wordpress\/ -->\n<title>Privacy Policy | Bachaturo<\/title>\n<meta name=\"description\" content=\"Join us for the ultimate celebration of Salsa, Bachata, Kizomba, Cubana, and Urbankizz at the biggest event in the world of Latin dance. Taking place in the vibrant city of Katowice from August 18th to 20th, 2023.\" \/>\n<meta name=\"robots\" content=\"index, follow, max-snippet:-1, max-image-preview:large, max-video-preview:-1\" \/>\n<link rel=\"canonical\" href=\"https:\/\/bachaturo.com\/index.php\/en\/privacy-policy-english\/\" \/>\n<meta property=\"og:locale\" content=\"en_US\" \/>\n<meta property=\"og:type\" content=\"article\" \/>\n<meta property=\"og:title\" content=\"Privacy Policy | Bachaturo\" \/>\n<meta property=\"og:description\" content=\"Join us for the ultimate celebration of Salsa, Bachata, Kizomba, Cubana, and Urbankizz at the biggest event in the world of Latin dance. Taking place in the vibrant city of Katowice from August 18th to 20th, 2023.\" \/>\n<meta property=\"og:url\" content=\"https:\/\/bachaturo.com\/index.php\/en\/privacy-policy-english\/\" \/>\n<meta property=\"article:modified_time\" content=\"2023-11-06T23:37:16+00:00\" \/>\n<meta name=\"twitter:card\" content=\"summary_large_image\" \/>\n<meta name=\"twitter:label1\" content=\"Est. reading time\" \/>\n\t<meta name=\"twitter:data1\" content=\"3 minutes\" \/>\n<script type=\"application\/ld+json\" class=\"yoast-schema-graph\">{\"@context\":\"https:\\\/\\\/schema.org\",\"@graph\":[{\"@type\":\"WebPage\",\"@id\":\"https:\\\/\\\/bachaturo.com\\\/index.php\\\/en\\\/privacy-policy-english\\\/\",\"url\":\"https:\\\/\\\/bachaturo.com\\\/index.php\\\/en\\\/privacy-policy-english\\\/\",\"name\":\"Privacy Policy | Bachaturo\",\"isPartOf\":{\"@id\":\"https:\\\/\\\/bachaturo.com\\\/#website\"},\"datePublished\":\"2023-06-08T10:02:53+00:00\",\"dateModified\":\"2023-11-06T23:37:16+00:00\",\"description\":\"Join us for the ultimate celebration of Salsa, Bachata, Kizomba, Cubana, and Urbankizz at the biggest event in the world of Latin dance. Taking place in the vibrant city of Katowice from August 18th to 20th, 2023.\",\"breadcrumb\":{\"@id\":\"https:\\\/\\\/bachaturo.com\\\/index.php\\\/en\\\/privacy-policy-english\\\/#breadcrumb\"},\"inLanguage\":\"en-US\",\"potentialAction\":[{\"@type\":\"ReadAction\",\"target\":[\"https:\\\/\\\/bachaturo.com\\\/index.php\\\/en\\\/privacy-policy-english\\\/\"]}]},{\"@type\":\"BreadcrumbList\",\"@id\":\"https:\\\/\\\/bachaturo.com\\\/index.php\\\/en\\\/privacy-policy-english\\\/#breadcrumb\",\"itemListElement\":[{\"@type\":\"ListItem\",\"position\":1,\"name\":\"Home\",\"item\":\"https:\\\/\\\/bachaturo.com\\\/\"},{\"@type\":\"ListItem\",\"position\":2,\"name\":\"Privacy Policy &#8211; English\"}]},{\"@type\":\"WebSite\",\"@id\":\"https:\\\/\\\/bachaturo.com\\\/#website\",\"url\":\"https:\\\/\\\/bachaturo.com\\\/\",\"name\":\"\",\"description\":\"\",\"potentialAction\":[{\"@type\":\"SearchAction\",\"target\":{\"@type\":\"EntryPoint\",\"urlTemplate\":\"https:\\\/\\\/bachaturo.com\\\/?s={search_term_string}\"},\"query-input\":{\"@type\":\"PropertyValueSpecification\",\"valueRequired\":true,\"valueName\":\"search_term_string\"}}],\"inLanguage\":\"en-US\"}]}<\/script>\n<!-- \/ Yoast SEO plugin. -->","yoast_head_json":{"title":"Privacy Policy | Bachaturo","description":"Join us for the ultimate celebration of Salsa, Bachata, Kizomba, Cubana, and Urbankizz at the biggest event in the world of Latin dance. Taking place in the vibrant city of Katowice from August 18th to 20th, 2023.","robots":{"index":"index","follow":"follow","max-snippet":"max-snippet:-1","max-image-preview":"max-image-preview:large","max-video-preview":"max-video-preview:-1"},"canonical":"https:\/\/bachaturo.com\/index.php\/en\/privacy-policy-english\/","og_locale":"en_US","og_type":"article","og_title":"Privacy Policy | Bachaturo","og_description":"Join us for the ultimate celebration of Salsa, Bachata, Kizomba, Cubana, and Urbankizz at the biggest event in the world of Latin dance. Taking place in the vibrant city of Katowice from August 18th to 20th, 2023.","og_url":"https:\/\/bachaturo.com\/index.php\/en\/privacy-policy-english\/","article_modified_time":"2023-11-06T23:37:16+00:00","twitter_card":"summary_large_image","twitter_misc":{"Est. reading time":"3 minutes"},"schema":{"@context":"https:\/\/schema.org","@graph":[{"@type":"WebPage","@id":"https:\/\/bachaturo.com\/index.php\/en\/privacy-policy-english\/","url":"https:\/\/bachaturo.com\/index.php\/en\/privacy-policy-english\/","name":"Privacy Policy | Bachaturo","isPartOf":{"@id":"https:\/\/bachaturo.com\/#website"},"datePublished":"2023-06-08T10:02:53+00:00","dateModified":"2023-11-06T23:37:16+00:00","description":"Join us for the ultimate celebration of Salsa, Bachata, Kizomba, Cubana, and Urbankizz at the biggest event in the world of Latin dance. Taking place in the vibrant city of Katowice from August 18th to 20th, 2023.","breadcrumb":{"@id":"https:\/\/bachaturo.com\/index.php\/en\/privacy-policy-english\/#breadcrumb"},"inLanguage":"en-US","potentialAction":[{"@type":"ReadAction","target":["https:\/\/bachaturo.com\/index.php\/en\/privacy-policy-english\/"]}]},{"@type":"BreadcrumbList","@id":"https:\/\/bachaturo.com\/index.php\/en\/privacy-policy-english\/#breadcrumb","itemListElement":[{"@type":"ListItem","position":1,"name":"Home","item":"https:\/\/bachaturo.com\/"},{"@type":"ListItem","position":2,"name":"Privacy Policy &#8211; English"}]},{"@type":"WebSite","@id":"https:\/\/bachaturo.com\/#website","url":"https:\/\/bachaturo.com\/","name":"","description":"","potentialAction":[{"@type":"SearchAction","target":{"@type":"EntryPoint","urlTemplate":"https:\/\/bachaturo.com\/?s={search_term_string}"},"query-input":{"@type":"PropertyValueSpecification","valueRequired":true,"valueName":"search_term_string"}}],"inLanguage":"en-US"}]}},"_links":{"self":[{"href":"https:\/\/bachaturo.com\/index.php\/wp-json\/wp\/v2\/pages\/1104","targetHints":{"allow":["GET"]}}],"collection":[{"href":"https:\/\/bachaturo.com\/index.php\/wp-json\/wp\/v2\/pages"}],"about":[{"href":"https:\/\/bachaturo.com\/index.php\/wp-json\/wp\/v2\/types\/page"}],"author":[{"embeddable":true,"href":"https:\/\/bachaturo.com\/index.php\/wp-json\/wp\/v2\/users\/1"}],"replies":[{"embeddable":true,"href":"https:\/\/bachaturo.com\/index.php\/wp-json\/wp\/v2\/comments?post=1104"}],"version-history":[{"count":7,"href":"https:\/\/bachaturo.com\/index.php\/wp-json\/wp\/v2\/pages\/1104\/revisions"}],"predecessor-version":[{"id":1608,"href":"https:\/\/bachaturo.com\/index.php\/wp-json\/wp\/v2\/pages\/1104\/revisions\/1608"}],"wp:attachment":[{"href":"https:\/\/bachaturo.com\/index.php\/wp-json\/wp\/v2\/media?parent=1104"}],"curies":[{"name":"wp","href":"https:\/\/api.w.org\/{rel}","templated":true}]}}