{"id":1141,"date":"2023-06-09T09:15:09","date_gmt":"2023-06-09T07:15:09","guid":{"rendered":"https:\/\/bachaturo.com\/__bachaturo?page_id=1141"},"modified":"2025-08-05T02:38:44","modified_gmt":"2025-08-05T00:38:44","slug":"regulamin-imprezy","status":"publish","type":"page","link":"https:\/\/bachaturo.com\/index.php\/regulamin-imprezy\/","title":{"rendered":"Regulamin Imprezy"},"content":{"rendered":"<section class=\"wpb-content-wrapper\"><p>[vc_row css_animation=&#8221;&#8221; row_type=&#8221;row&#8221; use_row_as_full_screen_section=&#8221;no&#8221; type=&#8221;full_width&#8221; angled_section=&#8221;no&#8221; text_align=&#8221;left&#8221; background_image_as_pattern=&#8221;without_pattern&#8221; css=&#8221;.vc_custom_1683014915173{background-color: #f7f5f2 !important;}&#8221; z_index=&#8221;&#8221;][vc_column][vc_row_inner row_type=&#8221;row&#8221; type=&#8221;full_width&#8221; text_align=&#8221;left&#8221; css_animation=&#8221;&#8221;][vc_column_inner css=&#8221;.vc_custom_1685955857038{padding-right: 5% !important;padding-left: 5% !important;}&#8221;][vc_empty_space][vc_column_text]<\/p>\n<h2 style=\"text-align: center;\">Regulamin Imprezy<\/h2>\n<p>[\/vc_column_text][vc_empty_space][vc_column_text]<strong>I. Informacje og\u00f3lne:<\/strong><\/p>\n<p>1. Niniejszy regulamin zosta\u0142 wydany na podstawie Ustawy z dnia 20 marca 2009 r. o bezpiecze\u0144stwie imprez masowych (Dz. U. z 2018 r. poz. 1870).<\/p>\n<p>2. Regulamin jest wydany przez organizatora wydarzenia &#8220;Festival Bachaturo&#8221;, kt\u00f3re odb\u0119dzie si\u0119 w dniach 15.08.2024 od godziny 22.00 &#8211; 19.08.2024 do godziny 6:00 na terenie: Mi\u0119dzynarodowym Centrum Kongresowym Plac S\u0142awika i Antalla 1 w Katowicach oraz w Spodku al. Wojciecha Korfantego 35 w Katowicach. Organizatorem Festiwalu Bachaturo jest: Artur Zab\u0142otny Nip 713 177 81 98 Tr\u0119bacz\u00f3w 71 21-010 \u0141\u0119czna.<\/p>\n<p>3. Regulamin kierowany jest do wszystkich os\u00f3b, kt\u00f3re w czasie trwania wydarzenia b\u0119d\u0105 przebywa\u0107 na Terenie Festiwalu. Ka\u017cda osoba przebywaj\u0105ca na tym terenie w czasie trwania wydarzenia obowi\u0105zana jest stosowa\u0107 si\u0119 do postanowie\u0144 niniejszego Regulaminu.<\/p>\n<p>4. Celem Regulaminu jest zapewnienie bezpiecze\u0144stwa os\u00f3b i mienia, a tak\u017ce bezpiecze\u0144stwa Wydarzenia poprzez okre\u015blenie zasad wst\u0119pu, zachowania si\u0119 i korzystania z Terenu Festiwalu i znajduj\u0105cej si\u0119 na nim infrastruktury, a tak\u017ce okre\u015blenie warunk\u00f3w uczestnictwa w wydarzeniu.<\/p>\n<p>&nbsp;<\/p>\n<p><strong>II. Odpowiedzialno\u015b\u0107 organizatora:<\/strong><\/p>\n<p>1. Organizator nie ponosi odpowiedzialno\u015bci za kontuzje uczestnik\u00f3w podczas festiwalu. Ka\u017cdy uczestnik festiwalu uczestniczy w nim na w\u0142asn\u0105 odpowiedzialno\u015b\u0107. To oznacza, \u017ce uczestnik powinien zachowa\u0107 szczeg\u00f3ln\u0105 ostro\u017cno\u015b\u0107 i dba\u0107 o swoje bezpiecze\u0144stwo podczas trwania festiwalu. Organizator zaleca, aby uczestnicy festiwalu mieli aktualne polisy ubezpieczeniowe na wypadek ewentualnych kontuzji.<\/p>\n<p>2. Organizator nie ponosi odpowiedzialno\u015bci za rzeczy osobiste uczestnik\u00f3w pozostawione na terenie festiwalu. Uczestnicy s\u0105 zobowi\u0105zani do osobistego dbania o swoje rzeczy. W przypadku zgubienia, uszkodzenia lub kradzie\u017cy rzeczy osobistych, Organizator nie b\u0119dzie zobowi\u0105zany do ich zast\u0105pienia lub rekompensaty. Zaleca si\u0119, aby uczestnicy nie pozostawiali bez nadzoru swoich cennych przedmiot\u00f3w i nie przynosili na teren festiwalu rzeczy, kt\u00f3re mog\u0105 by\u0107 \u0142atwo uszkodzone lub skradzione.<\/p>\n<p>3. Organizator zastrzega sobie prawo do zmian w programie .Organizator zastrzega sobie r\u00f3wnie\u017c prawo do odwo\u0142ania pokaz\u00f3w\/imprezy z przyczyn niezale\u017cnych od niego mi\u0119dzy innymi takich jak pandemia,wojna,\u017ca\u0142oba narodowa itp. W przypadku je\u015bli zajdzie konieczno\u015b\u0107 odwo\u0142ania imprezy, Organizator nie b\u0119dzie zobowi\u0105zany do zap\u0142aty \u017cadnego zado\u015b\u0107 uczynienia, rekompensaty finansowej ponad zwrot warto\u015bci posiadanego przez uczestnika biletu wst\u0119pu lub przeniesienia biletu na kolejny termin. &#8216;<\/p>\n<p>&nbsp;<\/p>\n<p><strong>III. Uczestnictwo w imprezach: <\/strong><\/p>\n<p>1. Na terenie imprezy i obiektu w kt\u00f3rym impreza si\u0119 odbywa mog\u0105 znajdowa\u0107 si\u0119 jedynie osoby z wa\u017cnym biletem wst\u0119pu, opask\u0105 zast\u0119puj\u0105c\u0105 bilet lub identyfikatorem obejmuj\u0105cym wst\u0119p na teren imprezy.<\/p>\n<p>2. Opaska festiwalowa zak\u0142adana jest na r\u0119k\u0119 w spos\u00f3b uniemo\u017cliwiaj\u0105cy jej \u015bci\u0105gni\u0119cie i przekazanie innej osobie.<\/p>\n<p>3. \u015aci\u0105gni\u0119cie lub uszkodzenie opaski poprzez przerwanie, przeci\u0119cie lub uszkodzenie zacisku\/plomby oznacza automatyczn\u0105 rezygnacj\u0119 uczestnika z festiwalu.<\/p>\n<p>4. Bilet zakupiony przez stron\u0119 internetow\u0105 musi by\u0107 wydrukowany. Za brak wydrukowanego biletu b\u0119dzie pobierana op\u0142ata dodatkowa w wysokosci 40 pln\/10 euro.<\/p>\n<p>&nbsp;<\/p>\n<p><strong>IV Zasady bezpiecze\u0144stwa:<\/strong><\/p>\n<p>1. Wszystkie osoby przebywaj\u0105ce na terenie imprezy, maj\u0105 obowi\u0105zek stosowa\u0107 si\u0119 do zasad bezpiecze\u0144stwa oraz polece\u0144 obs\u0142ugi obiektu i festiwalu.<\/p>\n<p>2. Organizator zastrzega sobie prawo odm\u00f3wi\u0107 sprzeda\u017cy biletu lub odm\u00f3wi\u0107 wst\u0119pu posiadaczowi biletu je\u015bli :<\/p>\n<p>&#8211; uzna to za konieczne<\/p>\n<p>&#8211; w przypadku naruszenia regulaminu<\/p>\n<p>&#8211; w przypadku niew\u0142a\u015bciwego i\/lub niestosownego zachowania podczas imprezy wg. uznania Organizatora lub jego reprezentant\u00f3w<\/p>\n<p>-osoba znajduj\u0105cej si\u0119 pod widocznym wp\u0142ywem alkoholu, \u015brodk\u00f3w odurzaj\u0105cych, psychotropowych lub innych podobnie dzia\u0142aj\u0105cych \u015brodk\u00f3w<\/p>\n<p>3. Zabronione jest:<\/p>\n<p>\u2013 wnoszenie na teren imprezy przedmiot\u00f3w, kt\u00f3re mog\u0105 stanowi\u0107 zagro\u017cenie dla innych.<\/p>\n<p>\u2013 wnoszenie napoj\u00f3w alkoholowych , \u015brodk\u00f3w odurzaj\u0105cych lub substancji psychotropowych, materia\u0142\u00f3w wybuchowych, wyrob\u00f3w pirotechnicznych, materia\u0142\u00f3w po\u017carowo niebezpiecznych jak r\u00f3wnie\u017c wnoszenie opakowa\u0144 szklanych.<\/p>\n<p>\u2013 wchodzenie i przebywanie na imprezie osobom kt\u00f3rych ubi\u00f3r narusza dobre obyczaje, jego elementy s\u0105 niebezpieczne ( metalowe okucia obuwia, oraz nosz\u0105 znamiona akcji reklamowej).<\/p>\n<p>\u2013 ca\u0142kowicie zabronione jest palenie wyrob\u00f3w tytoniowych lub elektronicznych papieros\u00f3w.<\/p>\n<p>\u2013 Organizator, ochrona, s\u0142u\u017cby porz\u0105dkowe oraz inne osoby upowa\u017cnione przez organizatora maj\u0105 prawo wyprosi\u0107 uczestnika lub w najgorszym wypadku wyprowadzi\u0107.<\/p>\n<p>\u2013 Obowi\u0105zuje ca\u0142kowity zakaz stania w przej\u015bciach, drogach ewakuacyjnych.<\/p>\n<p>\u2013 Obowi\u0105zuje ca\u0142kowity zakaz dotykania i zbli\u017cania si\u0119 do element\u00f3w scenografii, wyposa\u017cenia technicznego, aparatury nag\u0142a\u015bniaj\u0105cej oraz o\u015bwietleniowej.<\/p>\n<p>4. Ze wzgl\u0119du na zachowanie zasad bezpiecze\u0144stwa wszyscy uczestnicy s\u0105 bezwzgl\u0119dnie zobowi\u0105zani do stosowania si\u0119 polece\u0144 oraz uwag ca\u0142ego personelu pracuj\u0105cego przy obs\u0142udze wydarzenia. Personel i obs\u0142uga maj\u0105 prawo wydawa\u0107 bie\u017c\u0105ce zakazy w oparciu o aktualn\u0105 sytuacj\u0119 organizacyjn\u0105.<\/p>\n<p>5. Zabrania si\u0119 prowadzenia bez autoryzacji organizatora jakiejkolwiek dzia\u0142alno\u015bci handlowej lub innej zarobkowej, a tak\u017ce dzia\u0142alno\u015bci reklamowej oraz promocyjnej na terenie Festiwalu<\/p>\n<p>6. Ograniczenia dotycz\u0105ce wnoszenia baga\u017cu<\/p>\n<p>W trosce o bezpiecze\u0144stwo uczestnik\u00f3w i sprawn\u0105 organizacj\u0119 imprezy, wprowadza si\u0119 zakaz wnoszenia na teren imprezy wszelkiego rodzaju baga\u017cu, w tym du\u017cych i ma\u0142ych walizek. Dopuszcza si\u0119 mo\u017cliwo\u015b\u0107 wnoszenia przez uczestnik\u00f3w damskich torebek oraz niewielkich torb o rozmiarach nie przekraczaj\u0105cych wymiar\u00f3w typowej damskiej torebki (maksymalnie 40 cm x 30 cm x 15 cm). Organizator zastrzega sobie prawo do kontroli zawarto\u015bci wniesionych toreb w celu zapewnienia bezpiecze\u0144stwa uczestnik\u00f3w. W przypadku stwierdzenia przez s\u0142u\u017cby porz\u0105dkowe przedmiot\u00f3w zabronionych lub niezgodnych z regulaminem, osoba wnosz\u0105ca takie przedmioty mo\u017ce zosta\u0107 wykluczona z dalszego uczestnictwa w imprezie bez prawa do zwrotu koszt\u00f3w uczestnictwa.<\/p>\n<p><strong>V. Wizerunek os\u00f3b<\/strong><\/p>\n<p>Organizator utrwala przebieg Festiwalu dla cel\u00f3w dokumentacji oraz promocji lub reklamy festiwalu i Organizatora w przysz\u0142ych latach. Wizerunek os\u00f3b przebywaj\u0105cych na terenie Festiwalu mo\u017ce zosta\u0107 transmitowany i utrwalony, a nast\u0119pnie rozpowszechniany dla cel\u00f3w dokumentacyjnych, sprawozdawczych, reklamowych oraz promocyjnych. Wszystkie osoby decyduj\u0105c si\u0119 na udzia\u0142 w Festiwalu wyra\u017caj\u0105 jednocze\u015bnie zgod\u0119 na wykorzystanie przez Organizatora swojego wizerunku lub swoich podopiecznych w przypadku os\u00f3b ma\u0142oletnich w celach wskazanych w niniejszym Regulaminie. Wizerunek Uczestnika Festiwalu mo\u017ce by\u0107 u\u017cyty do r\u00f3\u017cnego rodzaju form elektronicznego przetwarzania, kadrowania i kompozycji, a tak\u017ce zestawiony z wizerunkami innych os\u00f3b, mo\u017ce by\u0107 uzupe\u0142niony towarzysz\u0105cym komentarzem, natomiast nagranie filmowe i d\u017awi\u0119kowe z jego udzia\u0142em mog\u0105 by\u0107 ci\u0119te, montowane, modyfikowane, dodawane do innych materia\u0142\u00f3w powstaj\u0105cych w celach informacyjnych, promocji i reklamy Organizatora\u2013bez obowi\u0105zku akceptacji produktu ko\u0144cowego. Zgoda obejmuje wszelkie formy publikacji, w szczeg\u00f3lno\u015bci rozpowszechnianie w Internecie (w tym na portalach spo\u0142eczno\u015bciowych Facebook, Twitter, YouTube itp. (w ramach profilu Organizatora). Wizerunek Uczestnika Festiwalu nie mo\u017ce by\u0107 u\u017cyty w formie lub publikacji obra\u017aliwej lub narusza\u0107 w inny spos\u00f3b d\u00f3br osobistych Uczestnika[\/vc_column_text][vc_empty_space][\/vc_column_inner][\/vc_row_inner][\/vc_column][\/vc_row]<\/p>\n<\/section>","protected":false},"excerpt":{"rendered":"<p>[vc_row css_animation=&#8221;&#8221; row_type=&#8221;row&#8221; use_row_as_full_screen_section=&#8221;no&#8221; type=&#8221;full_width&#8221; angled_section=&#8221;no&#8221; text_align=&#8221;left&#8221; background_image_as_pattern=&#8221;without_pattern&#8221; css=&#8221;.vc_custom_1683014915173{background-color: #f7f5f2 !important;}&#8221; z_index=&#8221;&#8221;][vc_column][vc_row_inner row_type=&#8221;row&#8221; type=&#8221;full_width&#8221; text_align=&#8221;left&#8221; css_animation=&#8221;&#8221;][vc_column_inner css=&#8221;.vc_custom_1685955857038{padding-right: 5% !important;padding-left: 5% !important;}&#8221;][vc_empty_space][vc_column_text] Regulamin Imprezy [\/vc_column_text][vc_empty_space][vc_column_text]I. Informacje og\u00f3lne: 1. Niniejszy regulamin zosta\u0142 wydany na podstawie Ustawy z dnia 20 marca 2009 r. o bezpiecze\u0144stwie imprez masowych (Dz&#8230;.<\/p>\n","protected":false},"author":1,"featured_media":0,"parent":0,"menu_order":0,"comment_status":"closed","ping_status":"closed","template":"full_width.php","meta":{"footnotes":""},"class_list":["post-1141","page","type-page","status-publish","hentry"],"yoast_head":"<!-- This site is optimized with the Yoast SEO plugin v27.4 - https:\/\/yoast.com\/product\/yoast-seo-wordpress\/ -->\n<title>Regulamin Imprezy | Bachaturo<\/title>\n<meta name=\"description\" content=\"Do\u0142\u0105cz do nas na najwi\u0119ksz\u0105 \u015bwiatow\u0105 imprez\u0119 po\u015bwi\u0119con\u0105 Salsa, Bachacie, Kizombie, Cubanie i Urbankizz. Wydarzenie to odb\u0119dzie si\u0119 w Katowicach, w dniach od 18 do 20 sierpnia 2023 roku.\" \/>\n<meta name=\"robots\" content=\"index, follow, max-snippet:-1, max-image-preview:large, max-video-preview:-1\" \/>\n<link rel=\"canonical\" href=\"https:\/\/bachaturo.com\/index.php\/regulamin-imprezy\/\" \/>\n<meta property=\"og:locale\" content=\"en_US\" \/>\n<meta property=\"og:type\" content=\"article\" \/>\n<meta property=\"og:title\" content=\"Regulamin Imprezy | Bachaturo\" \/>\n<meta property=\"og:description\" content=\"Do\u0142\u0105cz do nas na najwi\u0119ksz\u0105 \u015bwiatow\u0105 imprez\u0119 po\u015bwi\u0119con\u0105 Salsa, Bachacie, Kizombie, Cubanie i Urbankizz. Wydarzenie to odb\u0119dzie si\u0119 w Katowicach, w dniach od 18 do 20 sierpnia 2023 roku.\" \/>\n<meta property=\"og:url\" content=\"https:\/\/bachaturo.com\/index.php\/regulamin-imprezy\/\" \/>\n<meta property=\"article:modified_time\" content=\"2025-08-05T00:38:44+00:00\" \/>\n<meta name=\"twitter:card\" content=\"summary_large_image\" \/>\n<meta name=\"twitter:label1\" content=\"Est. reading time\" \/>\n\t<meta name=\"twitter:data1\" content=\"5 minutes\" \/>\n<script type=\"application\/ld+json\" class=\"yoast-schema-graph\">{\"@context\":\"https:\\\/\\\/schema.org\",\"@graph\":[{\"@type\":\"WebPage\",\"@id\":\"https:\\\/\\\/bachaturo.com\\\/index.php\\\/regulamin-imprezy\\\/\",\"url\":\"https:\\\/\\\/bachaturo.com\\\/index.php\\\/regulamin-imprezy\\\/\",\"name\":\"Regulamin Imprezy | Bachaturo\",\"isPartOf\":{\"@id\":\"https:\\\/\\\/bachaturo.com\\\/#website\"},\"datePublished\":\"2023-06-09T07:15:09+00:00\",\"dateModified\":\"2025-08-05T00:38:44+00:00\",\"description\":\"Do\u0142\u0105cz do nas na najwi\u0119ksz\u0105 \u015bwiatow\u0105 imprez\u0119 po\u015bwi\u0119con\u0105 Salsa, Bachacie, Kizombie, Cubanie i Urbankizz. Wydarzenie to odb\u0119dzie si\u0119 w Katowicach, w dniach od 18 do 20 sierpnia 2023 roku.\",\"breadcrumb\":{\"@id\":\"https:\\\/\\\/bachaturo.com\\\/index.php\\\/regulamin-imprezy\\\/#breadcrumb\"},\"inLanguage\":\"en-US\",\"potentialAction\":[{\"@type\":\"ReadAction\",\"target\":[\"https:\\\/\\\/bachaturo.com\\\/index.php\\\/regulamin-imprezy\\\/\"]}]},{\"@type\":\"BreadcrumbList\",\"@id\":\"https:\\\/\\\/bachaturo.com\\\/index.php\\\/regulamin-imprezy\\\/#breadcrumb\",\"itemListElement\":[{\"@type\":\"ListItem\",\"position\":1,\"name\":\"Home\",\"item\":\"https:\\\/\\\/bachaturo.com\\\/\"},{\"@type\":\"ListItem\",\"position\":2,\"name\":\"Regulamin Imprezy\"}]},{\"@type\":\"WebSite\",\"@id\":\"https:\\\/\\\/bachaturo.com\\\/#website\",\"url\":\"https:\\\/\\\/bachaturo.com\\\/\",\"name\":\"\",\"description\":\"\",\"potentialAction\":[{\"@type\":\"SearchAction\",\"target\":{\"@type\":\"EntryPoint\",\"urlTemplate\":\"https:\\\/\\\/bachaturo.com\\\/?s={search_term_string}\"},\"query-input\":{\"@type\":\"PropertyValueSpecification\",\"valueRequired\":true,\"valueName\":\"search_term_string\"}}],\"inLanguage\":\"en-US\"}]}<\/script>\n<!-- \/ Yoast SEO plugin. -->","yoast_head_json":{"title":"Regulamin Imprezy | Bachaturo","description":"Do\u0142\u0105cz do nas na najwi\u0119ksz\u0105 \u015bwiatow\u0105 imprez\u0119 po\u015bwi\u0119con\u0105 Salsa, Bachacie, Kizombie, Cubanie i Urbankizz. Wydarzenie to odb\u0119dzie si\u0119 w Katowicach, w dniach od 18 do 20 sierpnia 2023 roku.","robots":{"index":"index","follow":"follow","max-snippet":"max-snippet:-1","max-image-preview":"max-image-preview:large","max-video-preview":"max-video-preview:-1"},"canonical":"https:\/\/bachaturo.com\/index.php\/regulamin-imprezy\/","og_locale":"en_US","og_type":"article","og_title":"Regulamin Imprezy | Bachaturo","og_description":"Do\u0142\u0105cz do nas na najwi\u0119ksz\u0105 \u015bwiatow\u0105 imprez\u0119 po\u015bwi\u0119con\u0105 Salsa, Bachacie, Kizombie, Cubanie i Urbankizz. Wydarzenie to odb\u0119dzie si\u0119 w Katowicach, w dniach od 18 do 20 sierpnia 2023 roku.","og_url":"https:\/\/bachaturo.com\/index.php\/regulamin-imprezy\/","article_modified_time":"2025-08-05T00:38:44+00:00","twitter_card":"summary_large_image","twitter_misc":{"Est. reading time":"5 minutes"},"schema":{"@context":"https:\/\/schema.org","@graph":[{"@type":"WebPage","@id":"https:\/\/bachaturo.com\/index.php\/regulamin-imprezy\/","url":"https:\/\/bachaturo.com\/index.php\/regulamin-imprezy\/","name":"Regulamin Imprezy | Bachaturo","isPartOf":{"@id":"https:\/\/bachaturo.com\/#website"},"datePublished":"2023-06-09T07:15:09+00:00","dateModified":"2025-08-05T00:38:44+00:00","description":"Do\u0142\u0105cz do nas na najwi\u0119ksz\u0105 \u015bwiatow\u0105 imprez\u0119 po\u015bwi\u0119con\u0105 Salsa, Bachacie, Kizombie, Cubanie i Urbankizz. Wydarzenie to odb\u0119dzie si\u0119 w Katowicach, w dniach od 18 do 20 sierpnia 2023 roku.","breadcrumb":{"@id":"https:\/\/bachaturo.com\/index.php\/regulamin-imprezy\/#breadcrumb"},"inLanguage":"en-US","potentialAction":[{"@type":"ReadAction","target":["https:\/\/bachaturo.com\/index.php\/regulamin-imprezy\/"]}]},{"@type":"BreadcrumbList","@id":"https:\/\/bachaturo.com\/index.php\/regulamin-imprezy\/#breadcrumb","itemListElement":[{"@type":"ListItem","position":1,"name":"Home","item":"https:\/\/bachaturo.com\/"},{"@type":"ListItem","position":2,"name":"Regulamin Imprezy"}]},{"@type":"WebSite","@id":"https:\/\/bachaturo.com\/#website","url":"https:\/\/bachaturo.com\/","name":"","description":"","potentialAction":[{"@type":"SearchAction","target":{"@type":"EntryPoint","urlTemplate":"https:\/\/bachaturo.com\/?s={search_term_string}"},"query-input":{"@type":"PropertyValueSpecification","valueRequired":true,"valueName":"search_term_string"}}],"inLanguage":"en-US"}]}},"_links":{"self":[{"href":"https:\/\/bachaturo.com\/index.php\/wp-json\/wp\/v2\/pages\/1141","targetHints":{"allow":["GET"]}}],"collection":[{"href":"https:\/\/bachaturo.com\/index.php\/wp-json\/wp\/v2\/pages"}],"about":[{"href":"https:\/\/bachaturo.com\/index.php\/wp-json\/wp\/v2\/types\/page"}],"author":[{"embeddable":true,"href":"https:\/\/bachaturo.com\/index.php\/wp-json\/wp\/v2\/users\/1"}],"replies":[{"embeddable":true,"href":"https:\/\/bachaturo.com\/index.php\/wp-json\/wp\/v2\/comments?post=1141"}],"version-history":[{"count":9,"href":"https:\/\/bachaturo.com\/index.php\/wp-json\/wp\/v2\/pages\/1141\/revisions"}],"predecessor-version":[{"id":2452,"href":"https:\/\/bachaturo.com\/index.php\/wp-json\/wp\/v2\/pages\/1141\/revisions\/2452"}],"wp:attachment":[{"href":"https:\/\/bachaturo.com\/index.php\/wp-json\/wp\/v2\/media?parent=1141"}],"curies":[{"name":"wp","href":"https:\/\/api.w.org\/{rel}","templated":true}]}}