{"id":328,"date":"2023-04-18T08:48:08","date_gmt":"2023-04-18T08:48:08","guid":{"rendered":"https:\/\/bachaturo.com\/__bachaturo?page_id=328"},"modified":"2026-02-08T06:26:01","modified_gmt":"2026-02-08T04:26:01","slug":"transport","status":"publish","type":"page","link":"https:\/\/bachaturo.com\/index.php\/transport\/","title":{"rendered":"Transport"},"content":{"rendered":"<section class=\"wpb-content-wrapper\"><p>[vc_row css_animation=&#8221;&#8221; row_type=&#8221;row&#8221; use_row_as_full_screen_section=&#8221;no&#8221; type=&#8221;full_width&#8221; angled_section=&#8221;no&#8221; text_align=&#8221;left&#8221; background_image_as_pattern=&#8221;without_pattern&#8221; z_index=&#8221;&#8221;][vc_column][vc_row_inner row_type=&#8221;row&#8221; type=&#8221;full_width&#8221; text_align=&#8221;left&#8221; css_animation=&#8221;&#8221; background_color=&#8221;#bfa37c&#8221;][vc_column_inner][qode_elements_holder number_of_columns=&#8221;one_column&#8221;][qode_elements_holder_item vertical_alignment=&#8221;middle&#8221; horizontal_alignment=&#8221;center&#8221; advanced_animations=&#8221;no&#8221;][vc_empty_space height=&#8221;40px&#8221; el_class=&#8221;mobile-20&#8243;][vc_column_text]<\/p>\n<h1>Transport<\/h1>\n<p>[\/vc_column_text][vc_empty_space height=&#8221;25px&#8221; el_class=&#8221;mobile-20&#8243;][vc_column_text]<\/p>\n<div style=\"max-width: 1200px; margin: 0 auto; font-size: 16px !important; color: #000;\"><strong>Mamy \u015bwiadomo\u015b\u0107, \u017ce niekt\u00f3re hotele, kt\u00f3re oferuj\u0105 uczestnikom najlepsze warunki cenowe, znajduj\u0105 si\u0119 w wi\u0119kszej odleg\u0142o\u015bci od festiwalu. <\/strong><\/div>\n<div><\/div>\n<div style=\"max-width: 1200px; margin: 0 auto; color: #000; font-size: 16px !important;\"><strong>Dlatego pracujemy nad rozwi\u0105zaniami, takimi jak punkty spotka\u0144 czy dedykowane kana\u0142y, kt\u00f3re pozwol\u0105 uczestnikom umawia\u0107 si\u0119 na wsp\u00f3lne przejazdy. Dotyczy to zar\u00f3wno transportu z i na lotnisko, jak r\u00f3wnie\u017c przejazd\u00f3w mi\u0119dzy hotelami a festiwalem. Celem jest u\u0142atwienie logistyczne i obni\u017cenie koszt\u00f3w dla wszystkich uczestnik\u00f3w<\/strong>.<\/div>\n<p>[\/vc_column_text][vc_empty_space height=&#8221;40px&#8221; el_class=&#8221;mobile-20&#8243;][\/qode_elements_holder_item][\/qode_elements_holder][\/vc_column_inner][\/vc_row_inner][vc_row_inner row_type=&#8221;row&#8221; type=&#8221;full_width&#8221; text_align=&#8221;left&#8221; css_animation=&#8221;&#8221; background_color=&#8221;#f7f5f2&#8243;][vc_column_inner el_class=&#8221;fade-in-left&#8221; width=&#8221;1\/2&#8243;]<div class=\"qode-cards-gallery-holder left\" data-side=left>\n    <div class=\"qode-cards-gallery\">\n                    <div class=\"card\" >\n                                    <img decoding=\"async\" src=\"#\" alt=\"\" class=\"qode-lazy-image\" data-image=\"https:\/\/bachaturo.com\/wp-content\/uploads\/2023\/05\/mck-2.jpg\" style=\"width:998px;height:1px\"data-ratio=\"0.74649298597194\" data-lazy=\"true\" \/>\n                            <\/div>\n            <\/div>\n    <div class=\"fake_card\">\n        <img decoding=\"async\" src=\"https:\/\/bachaturo.com\/wp-content\/uploads\/2023\/05\/mck-2.jpg\" alt=\"\">\n    <\/div>\n<\/div>[\/vc_column_inner][vc_column_inner el_class=&#8221;fade-in-right&#8221; width=&#8221;1\/2&#8243; css=&#8221;.vc_custom_1682320877120{padding-right: 30px !important;padding-left: 30px !important;}&#8221;][qode_elements_holder number_of_columns=&#8221;one_column&#8221;][qode_elements_holder_item horizontal_alignment=&#8221;center&#8221; advanced_animations=&#8221;no&#8221;][vc_empty_space height=&#8221;110px&#8221; el_class=&#8221;mobile-50&#8243;][vc_column_text]<\/p>\n<h2 class=\"h1\">Loty i Poci\u0105gi<\/h2>\n<p>[\/vc_column_text][vc_empty_space height=&#8221;40px&#8221; el_class=&#8221;mobile-20&#8243;]<span data-type=\"normal\"  class=\"qode_icon_shortcode  q_font_awsome_icon fa-3x  \" style=\"margin: 0 0 15px 0; \"><i class=\"qode_icon_font_awesome fa fa-map-marker qode_icon_element\" style=\"color: #bfa37c;\" ><\/i><\/span>[vc_column_text]<span class=\"flightandtrain\">Bachaturo odbywa si\u0119\u00a0 w <a href=\"https:\/\/www.google.com\/maps\/place\/Katowice+International+Conference+Centre\/@50.266161,19.0275632,15z\/data=!4m6!3m5!1s0x4716ce30436b2667:0xace032e690ba6b8e!8m2!3d50.266161!4d19.0275632!16s%2Fg%2F11b77nq9wk\">MCK &#8211; International Congress Centre <\/a><\/span>&#8211; Plac S\u0142awika i Antalla 1, 40-163 Katowice Poland[\/vc_column_text][\/qode_elements_holder_item][\/qode_elements_holder][qode_elements_holder number_of_columns=&#8221;one_column&#8221;][qode_elements_holder_item horizontal_alignment=&#8221;center&#8221; advanced_animations=&#8221;no&#8221; item_padding=&#8221;0 0 20px 0&#8243;]<span data-type=\"normal\"  class=\"qode_icon_shortcode  q_font_awsome_icon fa-3x  \" style=\"margin: 0 0 15px 0; \"><i class=\"qode_icon_font_awesome fa fa-plane qode_icon_element\" style=\"color: #bfa37c;\" ><\/i><\/span>[vc_column_text]<span class=\"flightandtrain\">W pobli\u017cu znajduj\u0105 si\u0119 3 mi\u0119dzynarodowe lotniska: Katowice Pyrzowice (30 km), Krak\u00f3w-Balice (70 km) oraz Ostrawa (135 km).<\/span>[\/vc_column_text][\/qode_elements_holder_item][\/qode_elements_holder][qode_elements_holder number_of_columns=&#8221;one_column&#8221;][qode_elements_holder_item horizontal_alignment=&#8221;center&#8221; advanced_animations=&#8221;no&#8221;]<span data-type=\"normal\"  class=\"qode_icon_shortcode  q_font_awsome_icon fa-3x  \" style=\"margin: 0 0 15px 0; \"><i class=\"qode_icon_font_awesome fa fa-train qode_icon_element\" style=\"color: #bfa37c;\" ><\/i><\/span>[vc_column_text]Alternatywnie mo\u017cna skorzysta\u0107 z po\u0142\u0105cze\u0144 kolejowych: Warszawa (2,5 godziny), Wiede\u0144 (4,5 godziny), Praga (5 godzin).[\/vc_column_text][\/qode_elements_holder_item][\/qode_elements_holder][vc_empty_space height=&#8221;40px&#8221;][\/vc_column_inner][\/vc_row_inner][vc_row_inner row_type=&#8221;row&#8221; type=&#8221;full_width&#8221; text_align=&#8221;left&#8221; css_animation=&#8221;&#8221; background_color=&#8221;#ffffff&#8221;][vc_column_inner el_class=&#8221;fade-in-left&#8221; width=&#8221;1\/2&#8243;][qode_elements_holder number_of_columns=&#8221;one_column&#8221;][qode_elements_holder_item advanced_animations=&#8221;no&#8221; item_padding=&#8221;20px 0 20px 50px&#8221; item_padding_480=&#8221;20px 0 20px 10px&#8221;][vc_empty_space height=&#8221;110px&#8221; el_class=&#8221;mobile-50&#8243;][vc_column_text]<\/p>\n<h2 class=\"h1\">Transport Lotnisko \/ Miasto<\/h2>\n<p>[\/vc_column_text][vc_empty_space height=&#8221;30px&#8221;][vc_column_text]<\/p>\n<h3 class=\"h2\">Lotnisko Katowice Pyrzowice do Miasta Katowice<\/h3>\n<p>[\/vc_column_text][vc_column_text]1) Taxi zaczyna si\u0119 od 135 PLN (~30 euro), poni\u017cej znajduj\u0105 si\u0119 linki:<\/p>\n<p><a href=\"https:\/\/taxikatowice.pl\/cennik-przejazdow-taxi\/\" target=\"_blank\" rel=\"noopener\">https:\/\/taxikatowice.pl\/cennik-przejazdow-taxi\/<\/a><br \/>\n<a href=\"https:\/\/lider-taxi.pl\/\" target=\"_blank\" rel=\"noopener\">https:\/\/lider-taxi.pl\/<\/a><br \/>\n<a href=\"https:\/\/www.smarttransfer.com.pl\/pl\/kontakt\" target=\"_blank\" rel=\"noopener\">https:\/\/www.smarttransfer.com.pl\/pl\/kontakt\/<\/a><\/p>\n<p>Mo\u017cesz r\u00f3wnie\u017c skorzysta\u0107 z Bolt lub Uber[\/vc_column_text][vc_empty_space height=&#8221;20px&#8221;][vc_column_text]2) Przejazd busem kosztuje oko\u0142o 5 &#8211; 6 euro<\/p>\n<p><a href=\"https:\/\/www.matuszek.com.pl\/a_transfery_na_lotnisko_cennik.php?lang=en\">https:\/\/www.matuszek.com.pl\/a_transfery_na_lotnisko_cennik.php?lang=en<\/a>[\/vc_column_text][vc_empty_space height=&#8221;20px&#8221;][vc_column_text]3) Z lotniska Katowice Pyrzowice (KTW) do Katowic mo\u017cna dojecha\u0107 autobusem linii AP.<strong> Autobus kursuje zwykle co 30 minut, a bilety nie musz\u0105 by\u0107 rezerwowane z wyprzedzeniem.<\/strong><\/p>\n<p>Koszt jednego biletu w jedn\u0105 stron\u0119 wynosi 6 z\u0142 (1,3 euro), lub mo\u017cna kupi\u0107 bilet dzienny w cenie 14 z\u0142 (3 euro), kt\u00f3ry b\u0119dzie wa\u017cny przez 24 godziny na transport publiczny w Katowicach.<\/p>\n<p><strong>To jest pe\u0142na trasa do Katowic:<\/strong><\/p>\n<p>Pyrzowice Port Lotniczy 03 \u2013 Katowice Strefa Kultury 02 \u2013 Katowice Sokolska 05 \u2013 Katowice Dworzec 10 \u2013 Katowice S\u0105dowa 2B.<\/p>\n<p><em>Pierwszy przystanek to przystanek autobusowy Katowice Strefa Kultury, przystanek nr 02 \u2013 odleg\u0142o\u015b\u0107 spacerem do Hotelu Novotel i Ibis wynosi 400 m (5 minut pieszo).<\/em><\/p>\n<p><strong>To jest pe\u0142na trasa do lotniska:<\/strong><\/p>\n<p>Katowice S\u0105dowa 2B \u2013 Katowice Dworzec 10 \u2013 Katowice Sokolska 04 \u2013 Katowice Strefa Kultury 01 \u2013 Pyrzowice Port Lotniczy 01.[\/vc_column_text][vc_empty_space height=&#8221;20px&#8221;][vc_column_text]<\/p>\n<h3 class=\"h2\">Lotnisko Krakow-Balice do Miasta Katowice<\/h3>\n<p>[\/vc_column_text][vc_column_text]1) Taxi zaczyna si\u0119 od 260 PLN (~57 euro), poni\u017cej znajduj\u0105 si\u0119 linki:<\/p>\n<p><a href=\"https:\/\/taxikatowice.pl\/cennik-przejazdow-taxi\/\" target=\"_blank\" rel=\"noopener\">https:\/\/taxikatowice.pl\/cennik-przejazdow-taxi\/<\/a><br \/>\n<a href=\"https:\/\/lider-taxi.pl\/\" target=\"_blank\" rel=\"noopener\">https:\/\/lider-taxi.pl\/<\/a><br \/>\n<a href=\"https:\/\/www.smarttransfer.com.pl\/pl\/kontakt\" target=\"_blank\" rel=\"noopener\">https:\/\/www.smarttransfer.com.pl\/pl\/kontakt\/<\/a><\/p>\n<p>Mo\u017cesz r\u00f3wnie\u017c uzy\u0107 Bolt lub Uber[\/vc_column_text][vc_empty_space height=&#8221;20px&#8221;][\/qode_elements_holder_item][\/qode_elements_holder][\/vc_column_inner][vc_column_inner el_class=&#8221;fade-in-right&#8221; width=&#8221;1\/2&#8243;][vc_empty_space height=&#8221;130px&#8221; el_class=&#8221;mobile-50&#8243;]<div class=\"qode-cards-gallery-holder left\" data-side=left>\n    <div class=\"qode-cards-gallery\">\n                    <div class=\"card\" >\n                                    <img decoding=\"async\" src=\"#\" alt=\"\" class=\"qode-lazy-image\" data-image=\"https:\/\/bachaturo.com\/wp-content\/uploads\/2023\/05\/mck-1.jpg\" style=\"width:995px;height:1px\"data-ratio=\"0.66532663316583\" data-lazy=\"true\" \/>\n                            <\/div>\n            <\/div>\n    <div class=\"fake_card\">\n        <img decoding=\"async\" src=\"https:\/\/bachaturo.com\/wp-content\/uploads\/2023\/05\/mck-1.jpg\" alt=\"\">\n    <\/div>\n<\/div>[\/vc_column_inner][\/vc_row_inner][\/vc_column][\/vc_row]<\/p>\n<\/section>","protected":false},"excerpt":{"rendered":"<p>[vc_row css_animation=&#8221;&#8221; row_type=&#8221;row&#8221; use_row_as_full_screen_section=&#8221;no&#8221; type=&#8221;full_width&#8221; angled_section=&#8221;no&#8221; text_align=&#8221;left&#8221; background_image_as_pattern=&#8221;without_pattern&#8221; z_index=&#8221;&#8221;][vc_column][vc_row_inner row_type=&#8221;row&#8221; type=&#8221;full_width&#8221; text_align=&#8221;left&#8221; css_animation=&#8221;&#8221; background_color=&#8221;#bfa37c&#8221;][vc_column_inner][qode_elements_holder number_of_columns=&#8221;one_column&#8221;][qode_elements_holder_item vertical_alignment=&#8221;middle&#8221; horizontal_alignment=&#8221;center&#8221; advanced_animations=&#8221;no&#8221;][vc_empty_space height=&#8221;40px&#8221; el_class=&#8221;mobile-20&#8243;][vc_column_text] Transport [\/vc_column_text][vc_empty_space height=&#8221;25px&#8221; el_class=&#8221;mobile-20&#8243;][vc_column_text] Mamy \u015bwiadomo\u015b\u0107, \u017ce niekt\u00f3re hotele, kt\u00f3re oferuj\u0105 uczestnikom najlepsze warunki cenowe, znajduj\u0105 si\u0119 w wi\u0119kszej odleg\u0142o\u015bci od festiwalu. Dlatego pracujemy nad&#8230;<\/p>\n","protected":false},"author":1,"featured_media":0,"parent":0,"menu_order":0,"comment_status":"closed","ping_status":"closed","template":"full_width.php","meta":{"footnotes":""},"class_list":["post-328","page","type-page","status-publish","hentry"],"yoast_head":"<!-- This site is optimized with the Yoast SEO plugin v27.4 - https:\/\/yoast.com\/product\/yoast-seo-wordpress\/ -->\n<title>Transport | Bachaturo<\/title>\n<meta name=\"description\" content=\"Do\u0142\u0105cz do nas na najwi\u0119ksz\u0105 \u015bwiatow\u0105 imprez\u0119 po\u015bwi\u0119con\u0105 Salsa, Bachacie, Kizombie, Cubanie i Urbankizz. Wydarzenie to odb\u0119dzie si\u0119 w Katowicach, w dniach od 18 do 20 sierpnia 2023 roku.\" \/>\n<meta name=\"robots\" content=\"index, follow, max-snippet:-1, max-image-preview:large, max-video-preview:-1\" \/>\n<link rel=\"canonical\" href=\"https:\/\/bachaturo.com\/index.php\/transport\/\" \/>\n<meta property=\"og:locale\" content=\"en_US\" \/>\n<meta property=\"og:type\" content=\"article\" \/>\n<meta property=\"og:title\" content=\"Transport | Bachaturo\" \/>\n<meta property=\"og:description\" content=\"Do\u0142\u0105cz do nas na najwi\u0119ksz\u0105 \u015bwiatow\u0105 imprez\u0119 po\u015bwi\u0119con\u0105 Salsa, Bachacie, Kizombie, Cubanie i Urbankizz. Wydarzenie to odb\u0119dzie si\u0119 w Katowicach, w dniach od 18 do 20 sierpnia 2023 roku.\" \/>\n<meta property=\"og:url\" content=\"https:\/\/bachaturo.com\/index.php\/transport\/\" \/>\n<meta property=\"article:modified_time\" content=\"2026-02-08T04:26:01+00:00\" \/>\n<meta name=\"twitter:card\" content=\"summary_large_image\" \/>\n<meta name=\"twitter:label1\" content=\"Est. reading time\" \/>\n\t<meta name=\"twitter:data1\" content=\"3 minutes\" \/>\n<script type=\"application\/ld+json\" class=\"yoast-schema-graph\">{\"@context\":\"https:\\\/\\\/schema.org\",\"@graph\":[{\"@type\":\"WebPage\",\"@id\":\"https:\\\/\\\/bachaturo.com\\\/index.php\\\/transport\\\/\",\"url\":\"https:\\\/\\\/bachaturo.com\\\/index.php\\\/transport\\\/\",\"name\":\"Transport | Bachaturo\",\"isPartOf\":{\"@id\":\"https:\\\/\\\/bachaturo.com\\\/#website\"},\"datePublished\":\"2023-04-18T08:48:08+00:00\",\"dateModified\":\"2026-02-08T04:26:01+00:00\",\"description\":\"Do\u0142\u0105cz do nas na najwi\u0119ksz\u0105 \u015bwiatow\u0105 imprez\u0119 po\u015bwi\u0119con\u0105 Salsa, Bachacie, Kizombie, Cubanie i Urbankizz. Wydarzenie to odb\u0119dzie si\u0119 w Katowicach, w dniach od 18 do 20 sierpnia 2023 roku.\",\"breadcrumb\":{\"@id\":\"https:\\\/\\\/bachaturo.com\\\/index.php\\\/transport\\\/#breadcrumb\"},\"inLanguage\":\"en-US\",\"potentialAction\":[{\"@type\":\"ReadAction\",\"target\":[\"https:\\\/\\\/bachaturo.com\\\/index.php\\\/transport\\\/\"]}]},{\"@type\":\"BreadcrumbList\",\"@id\":\"https:\\\/\\\/bachaturo.com\\\/index.php\\\/transport\\\/#breadcrumb\",\"itemListElement\":[{\"@type\":\"ListItem\",\"position\":1,\"name\":\"Home\",\"item\":\"https:\\\/\\\/bachaturo.com\\\/\"},{\"@type\":\"ListItem\",\"position\":2,\"name\":\"Transport\"}]},{\"@type\":\"WebSite\",\"@id\":\"https:\\\/\\\/bachaturo.com\\\/#website\",\"url\":\"https:\\\/\\\/bachaturo.com\\\/\",\"name\":\"\",\"description\":\"\",\"potentialAction\":[{\"@type\":\"SearchAction\",\"target\":{\"@type\":\"EntryPoint\",\"urlTemplate\":\"https:\\\/\\\/bachaturo.com\\\/?s={search_term_string}\"},\"query-input\":{\"@type\":\"PropertyValueSpecification\",\"valueRequired\":true,\"valueName\":\"search_term_string\"}}],\"inLanguage\":\"en-US\"}]}<\/script>\n<!-- \/ Yoast SEO plugin. -->","yoast_head_json":{"title":"Transport | Bachaturo","description":"Do\u0142\u0105cz do nas na najwi\u0119ksz\u0105 \u015bwiatow\u0105 imprez\u0119 po\u015bwi\u0119con\u0105 Salsa, Bachacie, Kizombie, Cubanie i Urbankizz. Wydarzenie to odb\u0119dzie si\u0119 w Katowicach, w dniach od 18 do 20 sierpnia 2023 roku.","robots":{"index":"index","follow":"follow","max-snippet":"max-snippet:-1","max-image-preview":"max-image-preview:large","max-video-preview":"max-video-preview:-1"},"canonical":"https:\/\/bachaturo.com\/index.php\/transport\/","og_locale":"en_US","og_type":"article","og_title":"Transport | Bachaturo","og_description":"Do\u0142\u0105cz do nas na najwi\u0119ksz\u0105 \u015bwiatow\u0105 imprez\u0119 po\u015bwi\u0119con\u0105 Salsa, Bachacie, Kizombie, Cubanie i Urbankizz. Wydarzenie to odb\u0119dzie si\u0119 w Katowicach, w dniach od 18 do 20 sierpnia 2023 roku.","og_url":"https:\/\/bachaturo.com\/index.php\/transport\/","article_modified_time":"2026-02-08T04:26:01+00:00","twitter_card":"summary_large_image","twitter_misc":{"Est. reading time":"3 minutes"},"schema":{"@context":"https:\/\/schema.org","@graph":[{"@type":"WebPage","@id":"https:\/\/bachaturo.com\/index.php\/transport\/","url":"https:\/\/bachaturo.com\/index.php\/transport\/","name":"Transport | Bachaturo","isPartOf":{"@id":"https:\/\/bachaturo.com\/#website"},"datePublished":"2023-04-18T08:48:08+00:00","dateModified":"2026-02-08T04:26:01+00:00","description":"Do\u0142\u0105cz do nas na najwi\u0119ksz\u0105 \u015bwiatow\u0105 imprez\u0119 po\u015bwi\u0119con\u0105 Salsa, Bachacie, Kizombie, Cubanie i Urbankizz. Wydarzenie to odb\u0119dzie si\u0119 w Katowicach, w dniach od 18 do 20 sierpnia 2023 roku.","breadcrumb":{"@id":"https:\/\/bachaturo.com\/index.php\/transport\/#breadcrumb"},"inLanguage":"en-US","potentialAction":[{"@type":"ReadAction","target":["https:\/\/bachaturo.com\/index.php\/transport\/"]}]},{"@type":"BreadcrumbList","@id":"https:\/\/bachaturo.com\/index.php\/transport\/#breadcrumb","itemListElement":[{"@type":"ListItem","position":1,"name":"Home","item":"https:\/\/bachaturo.com\/"},{"@type":"ListItem","position":2,"name":"Transport"}]},{"@type":"WebSite","@id":"https:\/\/bachaturo.com\/#website","url":"https:\/\/bachaturo.com\/","name":"","description":"","potentialAction":[{"@type":"SearchAction","target":{"@type":"EntryPoint","urlTemplate":"https:\/\/bachaturo.com\/?s={search_term_string}"},"query-input":{"@type":"PropertyValueSpecification","valueRequired":true,"valueName":"search_term_string"}}],"inLanguage":"en-US"}]}},"_links":{"self":[{"href":"https:\/\/bachaturo.com\/index.php\/wp-json\/wp\/v2\/pages\/328","targetHints":{"allow":["GET"]}}],"collection":[{"href":"https:\/\/bachaturo.com\/index.php\/wp-json\/wp\/v2\/pages"}],"about":[{"href":"https:\/\/bachaturo.com\/index.php\/wp-json\/wp\/v2\/types\/page"}],"author":[{"embeddable":true,"href":"https:\/\/bachaturo.com\/index.php\/wp-json\/wp\/v2\/users\/1"}],"replies":[{"embeddable":true,"href":"https:\/\/bachaturo.com\/index.php\/wp-json\/wp\/v2\/comments?post=328"}],"version-history":[{"count":106,"href":"https:\/\/bachaturo.com\/index.php\/wp-json\/wp\/v2\/pages\/328\/revisions"}],"predecessor-version":[{"id":2649,"href":"https:\/\/bachaturo.com\/index.php\/wp-json\/wp\/v2\/pages\/328\/revisions\/2649"}],"wp:attachment":[{"href":"https:\/\/bachaturo.com\/index.php\/wp-json\/wp\/v2\/media?parent=328"}],"curies":[{"name":"wp","href":"https:\/\/api.w.org\/{rel}","templated":true}]}}