{"id":597,"date":"2023-04-24T10:25:09","date_gmt":"2023-04-24T10:25:09","guid":{"rendered":"https:\/\/bachaturo.com\/__bachaturo?page_id=597"},"modified":"2025-08-02T06:55:21","modified_gmt":"2025-08-02T04:55:21","slug":"contact","status":"publish","type":"page","link":"https:\/\/bachaturo.com\/index.php\/contact\/","title":{"rendered":"Contact"},"content":{"rendered":"<section class=\"wpb-content-wrapper\"><p>[vc_row css_animation=&#8221;&#8221; row_type=&#8221;row&#8221; use_row_as_full_screen_section=&#8221;no&#8221; type=&#8221;full_width&#8221; angled_section=&#8221;no&#8221; text_align=&#8221;left&#8221; background_image_as_pattern=&#8221;without_pattern&#8221; css=&#8221;.vc_custom_1683014915173{background-color: #f7f5f2 !important;}&#8221; z_index=&#8221;&#8221;][vc_column][vc_row_inner row_type=&#8221;row&#8221; type=&#8221;full_width&#8221; text_align=&#8221;left&#8221; css_animation=&#8221;&#8221;][vc_column_inner][vc_column_text]<\/p>\n<h1>Kontakt<\/h1>\n<p>[\/vc_column_text][\/vc_column_inner][\/vc_row_inner][vc_row_inner row_type=&#8221;row&#8221; type=&#8221;full_width&#8221; text_align=&#8221;left&#8221; css_animation=&#8221;&#8221; el_class=&#8221;contact-row&#8221;][vc_column_inner][vc_empty_space height=&#8221;30px&#8221;][vc_column_text]Orgaznizator :<br \/>\nArtur Zab\u0142otny<br \/>\nTr\u0119bacz\u00f3w 71<br \/>\n21-010 \u0141\u0119czna<br \/>\nNip 713 177 81 98<\/p>\n<p><span class=\"v1highlight\"><span class=\"v1colour\"><span class=\"v1font\"><span class=\"v1size\">Chcemy, aby kontakt z nami by\u0142 jak najprostszy, dlatego podajemy poni\u017cej adresy e-mail dedykowane do r\u00f3\u017cnych cel\u00f3w:<\/span><\/span><\/span><\/span>[\/vc_column_text][vc_empty_space height=&#8221;16px&#8221;][vc_column_text]<\/p>\n<h3><span class=\"v1highlight\"><span class=\"v1colour\"><span class=\"v1font\"><span class=\"v1size\"><b>\u017beby odzyska\u0107 sw\u00f3j bilet zaloguj si\u0119 do panelu klienta.<\/b><\/span><\/span><\/span><\/span><\/h3>\n<h3><span class=\"v1highlight\"><span class=\"v1colour\"><span class=\"v1font\"><span class=\"v1size\"><b><br \/>\nInstrukcja do zmiany imienia i nazwiska oraz przeniesienia biletu na kolejny rok znajduje si\u0119 na stronie w zak\u0142adce Bilety.<\/b><\/span><\/span><\/span><\/span><\/h3>\n<p>1. <a href=\"mailto:help.bachaturo@wp.pl\" rel=\"noreferrer\">help.bachaturo@wp.pl<\/a>:<\/p>\n<p><span class=\"v1highlight\"><span class=\"v1colour\"><span class=\"v1font\"><span class=\"v1size\">U\u017cyj tego adresu, je\u015bli:<\/span><\/span><\/span><\/span><\/p>\n<ul>\n<li>masz problemy z biletem<\/li>\n<\/ul>\n<p>[\/vc_column_text][vc_empty_space height=&#8221;16px&#8221;][vc_column_text][\/vc_column_text][vc_empty_space height=&#8221;16px&#8221;][vc_column_text]<span class=\"v1highlight\"><span class=\"v1colour\"><span class=\"v1font\"><span class=\"v1size\"><b>2. <a href=\"mailto:artur.zablotny@wp.pl\" rel=\"noreferrer\">artur.zablotny@wp.pl<\/a>:<\/b> jest dedykowany dla\u00a0 spraw organizacyjnych oraz\u00a0 promotor\u00f3w. Zapraszamy do kontaktu je\u017celi masz pytania zwi\u0105zane z festiwalem.<\/span><\/span><\/span><\/span>[\/vc_column_text][vc_empty_space height=&#8221;16px&#8221;][vc_column_text]<\/p>\n<div class=\"oplata-box\" style=\"background-color: #fff3f3; border: 1px solid #d9534f; padding: 16px; margin-bottom: 20px; text-align: center; border-radius: 8px;\">\n<p><strong>\u26a0\ufe0f WA\u017bNE:<\/strong><br \/>\n<strong>Adres <a href=\"mailto:tickets@bachaturo.com\" rel=\"noreferrer\">tickets@bachaturo.com<\/a> s\u0142u\u017cy wy\u0142\u0105cznie do wysy\u0142ki bilet\u00f3w.<\/strong><br \/>\n<strong>Nie jest to adres kontaktowy. Prosimy nie wysy\u0142a\u0107 na niego \u017cadnych wiadomo\u015bci.<\/strong><\/p>\n<\/div>\n<div class=\"oplata-box\" style=\"background-color: #f8f8f8; border: 1px solid #ccc; padding: 16px; margin-bottom: 20px; text-align: center; border-radius: 8px;\">\n<p>Je\u015bli masz pytania lub potrzebujesz pomocy, skontaktuj si\u0119 z nami pod adresem:<br \/>\n<strong><a href=\"mailto:help.bachaturo@wp.pl\" rel=\"noreferrer\">help.bachaturo@wp.pl<\/a><\/strong><\/p>\n<\/div>\n<p>[\/vc_column_text][vc_empty_space height=&#8221;30px&#8221;][\/vc_column_inner][\/vc_row_inner][\/vc_column][\/vc_row]<\/p>\n<\/section>","protected":false},"excerpt":{"rendered":"<p>[vc_row css_animation=&#8221;&#8221; row_type=&#8221;row&#8221; use_row_as_full_screen_section=&#8221;no&#8221; type=&#8221;full_width&#8221; angled_section=&#8221;no&#8221; text_align=&#8221;left&#8221; background_image_as_pattern=&#8221;without_pattern&#8221; css=&#8221;.vc_custom_1683014915173{background-color: #f7f5f2 !important;}&#8221; z_index=&#8221;&#8221;][vc_column][vc_row_inner row_type=&#8221;row&#8221; type=&#8221;full_width&#8221; text_align=&#8221;left&#8221; css_animation=&#8221;&#8221;][vc_column_inner][vc_column_text] Kontakt [\/vc_column_text][\/vc_column_inner][\/vc_row_inner][vc_row_inner row_type=&#8221;row&#8221; type=&#8221;full_width&#8221; text_align=&#8221;left&#8221; css_animation=&#8221;&#8221; el_class=&#8221;contact-row&#8221;][vc_column_inner][vc_empty_space height=&#8221;30px&#8221;][vc_column_text]Orgaznizator : Artur Zab\u0142otny Tr\u0119bacz\u00f3w 71 21-010 \u0141\u0119czna Nip 713 177 81 98 Chcemy, aby kontakt z nami by\u0142 jak najprostszy, dlatego&#8230;<\/p>\n","protected":false},"author":1,"featured_media":0,"parent":0,"menu_order":0,"comment_status":"closed","ping_status":"closed","template":"full_width.php","meta":{"footnotes":""},"class_list":["post-597","page","type-page","status-publish","hentry"],"yoast_head":"<!-- This site is optimized with the Yoast SEO plugin v27.4 - https:\/\/yoast.com\/product\/yoast-seo-wordpress\/ -->\n<title>Kontakt | Bachaturo<\/title>\n<meta name=\"description\" content=\"Do\u0142\u0105cz do nas na najwi\u0119ksz\u0105 \u015bwiatow\u0105 imprez\u0119 po\u015bwi\u0119con\u0105 Salsa, Bachacie, Kizombie, Cubanie i Urbankizz. Wydarzenie to odb\u0119dzie si\u0119 w Katowicach, w dniach od 18 do 20 sierpnia 2023 roku.\" \/>\n<meta name=\"robots\" content=\"index, follow, max-snippet:-1, max-image-preview:large, max-video-preview:-1\" \/>\n<link rel=\"canonical\" href=\"https:\/\/bachaturo.com\/index.php\/contact\/\" \/>\n<meta property=\"og:locale\" content=\"en_US\" \/>\n<meta property=\"og:type\" content=\"article\" \/>\n<meta property=\"og:title\" content=\"Kontakt | Bachaturo\" \/>\n<meta property=\"og:description\" content=\"Do\u0142\u0105cz do nas na najwi\u0119ksz\u0105 \u015bwiatow\u0105 imprez\u0119 po\u015bwi\u0119con\u0105 Salsa, Bachacie, Kizombie, Cubanie i Urbankizz. Wydarzenie to odb\u0119dzie si\u0119 w Katowicach, w dniach od 18 do 20 sierpnia 2023 roku.\" \/>\n<meta property=\"og:url\" content=\"https:\/\/bachaturo.com\/index.php\/contact\/\" \/>\n<meta property=\"article:modified_time\" content=\"2025-08-02T04:55:21+00:00\" \/>\n<meta name=\"twitter:card\" content=\"summary_large_image\" \/>\n<meta name=\"twitter:label1\" content=\"Est. reading time\" \/>\n\t<meta name=\"twitter:data1\" content=\"1 minute\" \/>\n<script type=\"application\/ld+json\" class=\"yoast-schema-graph\">{\"@context\":\"https:\\\/\\\/schema.org\",\"@graph\":[{\"@type\":\"WebPage\",\"@id\":\"https:\\\/\\\/bachaturo.com\\\/index.php\\\/contact\\\/\",\"url\":\"https:\\\/\\\/bachaturo.com\\\/index.php\\\/contact\\\/\",\"name\":\"Kontakt | Bachaturo\",\"isPartOf\":{\"@id\":\"https:\\\/\\\/bachaturo.com\\\/#website\"},\"datePublished\":\"2023-04-24T10:25:09+00:00\",\"dateModified\":\"2025-08-02T04:55:21+00:00\",\"description\":\"Do\u0142\u0105cz do nas na najwi\u0119ksz\u0105 \u015bwiatow\u0105 imprez\u0119 po\u015bwi\u0119con\u0105 Salsa, Bachacie, Kizombie, Cubanie i Urbankizz. Wydarzenie to odb\u0119dzie si\u0119 w Katowicach, w dniach od 18 do 20 sierpnia 2023 roku.\",\"breadcrumb\":{\"@id\":\"https:\\\/\\\/bachaturo.com\\\/index.php\\\/contact\\\/#breadcrumb\"},\"inLanguage\":\"en-US\",\"potentialAction\":[{\"@type\":\"ReadAction\",\"target\":[\"https:\\\/\\\/bachaturo.com\\\/index.php\\\/contact\\\/\"]}]},{\"@type\":\"BreadcrumbList\",\"@id\":\"https:\\\/\\\/bachaturo.com\\\/index.php\\\/contact\\\/#breadcrumb\",\"itemListElement\":[{\"@type\":\"ListItem\",\"position\":1,\"name\":\"Home\",\"item\":\"https:\\\/\\\/bachaturo.com\\\/\"},{\"@type\":\"ListItem\",\"position\":2,\"name\":\"Contact\"}]},{\"@type\":\"WebSite\",\"@id\":\"https:\\\/\\\/bachaturo.com\\\/#website\",\"url\":\"https:\\\/\\\/bachaturo.com\\\/\",\"name\":\"\",\"description\":\"\",\"potentialAction\":[{\"@type\":\"SearchAction\",\"target\":{\"@type\":\"EntryPoint\",\"urlTemplate\":\"https:\\\/\\\/bachaturo.com\\\/?s={search_term_string}\"},\"query-input\":{\"@type\":\"PropertyValueSpecification\",\"valueRequired\":true,\"valueName\":\"search_term_string\"}}],\"inLanguage\":\"en-US\"}]}<\/script>\n<!-- \/ Yoast SEO plugin. -->","yoast_head_json":{"title":"Kontakt | Bachaturo","description":"Do\u0142\u0105cz do nas na najwi\u0119ksz\u0105 \u015bwiatow\u0105 imprez\u0119 po\u015bwi\u0119con\u0105 Salsa, Bachacie, Kizombie, Cubanie i Urbankizz. Wydarzenie to odb\u0119dzie si\u0119 w Katowicach, w dniach od 18 do 20 sierpnia 2023 roku.","robots":{"index":"index","follow":"follow","max-snippet":"max-snippet:-1","max-image-preview":"max-image-preview:large","max-video-preview":"max-video-preview:-1"},"canonical":"https:\/\/bachaturo.com\/index.php\/contact\/","og_locale":"en_US","og_type":"article","og_title":"Kontakt | Bachaturo","og_description":"Do\u0142\u0105cz do nas na najwi\u0119ksz\u0105 \u015bwiatow\u0105 imprez\u0119 po\u015bwi\u0119con\u0105 Salsa, Bachacie, Kizombie, Cubanie i Urbankizz. Wydarzenie to odb\u0119dzie si\u0119 w Katowicach, w dniach od 18 do 20 sierpnia 2023 roku.","og_url":"https:\/\/bachaturo.com\/index.php\/contact\/","article_modified_time":"2025-08-02T04:55:21+00:00","twitter_card":"summary_large_image","twitter_misc":{"Est. reading time":"1 minute"},"schema":{"@context":"https:\/\/schema.org","@graph":[{"@type":"WebPage","@id":"https:\/\/bachaturo.com\/index.php\/contact\/","url":"https:\/\/bachaturo.com\/index.php\/contact\/","name":"Kontakt | Bachaturo","isPartOf":{"@id":"https:\/\/bachaturo.com\/#website"},"datePublished":"2023-04-24T10:25:09+00:00","dateModified":"2025-08-02T04:55:21+00:00","description":"Do\u0142\u0105cz do nas na najwi\u0119ksz\u0105 \u015bwiatow\u0105 imprez\u0119 po\u015bwi\u0119con\u0105 Salsa, Bachacie, Kizombie, Cubanie i Urbankizz. Wydarzenie to odb\u0119dzie si\u0119 w Katowicach, w dniach od 18 do 20 sierpnia 2023 roku.","breadcrumb":{"@id":"https:\/\/bachaturo.com\/index.php\/contact\/#breadcrumb"},"inLanguage":"en-US","potentialAction":[{"@type":"ReadAction","target":["https:\/\/bachaturo.com\/index.php\/contact\/"]}]},{"@type":"BreadcrumbList","@id":"https:\/\/bachaturo.com\/index.php\/contact\/#breadcrumb","itemListElement":[{"@type":"ListItem","position":1,"name":"Home","item":"https:\/\/bachaturo.com\/"},{"@type":"ListItem","position":2,"name":"Contact"}]},{"@type":"WebSite","@id":"https:\/\/bachaturo.com\/#website","url":"https:\/\/bachaturo.com\/","name":"","description":"","potentialAction":[{"@type":"SearchAction","target":{"@type":"EntryPoint","urlTemplate":"https:\/\/bachaturo.com\/?s={search_term_string}"},"query-input":{"@type":"PropertyValueSpecification","valueRequired":true,"valueName":"search_term_string"}}],"inLanguage":"en-US"}]}},"_links":{"self":[{"href":"https:\/\/bachaturo.com\/index.php\/wp-json\/wp\/v2\/pages\/597","targetHints":{"allow":["GET"]}}],"collection":[{"href":"https:\/\/bachaturo.com\/index.php\/wp-json\/wp\/v2\/pages"}],"about":[{"href":"https:\/\/bachaturo.com\/index.php\/wp-json\/wp\/v2\/types\/page"}],"author":[{"embeddable":true,"href":"https:\/\/bachaturo.com\/index.php\/wp-json\/wp\/v2\/users\/1"}],"replies":[{"embeddable":true,"href":"https:\/\/bachaturo.com\/index.php\/wp-json\/wp\/v2\/comments?post=597"}],"version-history":[{"count":19,"href":"https:\/\/bachaturo.com\/index.php\/wp-json\/wp\/v2\/pages\/597\/revisions"}],"predecessor-version":[{"id":2407,"href":"https:\/\/bachaturo.com\/index.php\/wp-json\/wp\/v2\/pages\/597\/revisions\/2407"}],"wp:attachment":[{"href":"https:\/\/bachaturo.com\/index.php\/wp-json\/wp\/v2\/media?parent=597"}],"curies":[{"name":"wp","href":"https:\/\/api.w.org\/{rel}","templated":true}]}}