{"id":756,"date":"2023-05-18T09:06:55","date_gmt":"2023-05-18T09:06:55","guid":{"rendered":"https:\/\/bachaturo.com\/__bachaturo?page_id=756"},"modified":"2024-08-27T11:02:42","modified_gmt":"2024-08-27T09:02:42","slug":"news","status":"publish","type":"page","link":"https:\/\/bachaturo.com\/index.php\/news\/","title":{"rendered":"News"},"content":{"rendered":"<section class=\"wpb-content-wrapper\"><p>[vc_row css_animation=&#8221;&#8221; row_type=&#8221;row&#8221; use_row_as_full_screen_section=&#8221;no&#8221; type=&#8221;full_width&#8221; angled_section=&#8221;no&#8221; text_align=&#8221;left&#8221; background_image_as_pattern=&#8221;without_pattern&#8221; css=&#8221;.vc_custom_1684399156567{background-color: #bfa37c !important;}&#8221; z_index=&#8221;&#8221;][vc_column][vc_row_inner row_type=&#8221;row&#8221; type=&#8221;full_width&#8221; text_align=&#8221;left&#8221; css_animation=&#8221;&#8221;][vc_column_inner][vc_column_text]<\/p>\n<h1>Newsy<\/h1>\n<p>[\/vc_column_text][vc_empty_space height=&#8221;30px&#8221;][\/vc_column_inner][\/vc_row_inner][\/vc_column][\/vc_row][vc_row css_animation=&#8221;&#8221; row_type=&#8221;row&#8221; use_row_as_full_screen_section=&#8221;no&#8221; type=&#8221;full_width&#8221; angled_section=&#8221;no&#8221; text_align=&#8221;left&#8221; background_image_as_pattern=&#8221;without_pattern&#8221; css=&#8221;.vc_custom_1683014915173{background-color: #f7f5f2 !important;}&#8221; z_index=&#8221;&#8221;][vc_column][vc_row_inner row_type=&#8221;row&#8221; type=&#8221;full_width&#8221; text_align=&#8221;left&#8221; css_animation=&#8221;&#8221;][vc_column_inner][vc_empty_space height=&#8221;50px&#8221;]<div class=\"qode-workflow  qode-workflow-animate\">\n    <span class=\"main-line\" style=\"background-color:#464644;\"><\/span>\n    <\/div>[\/vc_column_inner][\/vc_row_inner][\/vc_column][\/vc_row]<\/p>\n<\/section>","protected":false},"excerpt":{"rendered":"<p>[vc_row css_animation=&#8221;&#8221; row_type=&#8221;row&#8221; use_row_as_full_screen_section=&#8221;no&#8221; type=&#8221;full_width&#8221; angled_section=&#8221;no&#8221; text_align=&#8221;left&#8221; background_image_as_pattern=&#8221;without_pattern&#8221; css=&#8221;.vc_custom_1684399156567{background-color: #bfa37c !important;}&#8221; z_index=&#8221;&#8221;][vc_column][vc_row_inner row_type=&#8221;row&#8221; type=&#8221;full_width&#8221; text_align=&#8221;left&#8221; css_animation=&#8221;&#8221;][vc_column_inner][vc_column_text] Newsy [\/vc_column_text][vc_empty_space height=&#8221;30px&#8221;][\/vc_column_inner][\/vc_row_inner][\/vc_column][\/vc_row][vc_row css_animation=&#8221;&#8221; row_type=&#8221;row&#8221; use_row_as_full_screen_section=&#8221;no&#8221; type=&#8221;full_width&#8221; angled_section=&#8221;no&#8221; text_align=&#8221;left&#8221; background_image_as_pattern=&#8221;without_pattern&#8221; css=&#8221;.vc_custom_1683014915173{background-color: #f7f5f2 !important;}&#8221; z_index=&#8221;&#8221;][vc_column][vc_row_inner row_type=&#8221;row&#8221; type=&#8221;full_width&#8221; text_align=&#8221;left&#8221; css_animation=&#8221;&#8221;][vc_column_inner][vc_empty_space height=&#8221;50px&#8221;][\/vc_column_inner][\/vc_row_inner][\/vc_column][\/vc_row]<\/p>\n","protected":false},"author":1,"featured_media":0,"parent":0,"menu_order":0,"comment_status":"closed","ping_status":"closed","template":"full_width.php","meta":{"footnotes":""},"class_list":["post-756","page","type-page","status-publish","hentry"],"yoast_head":"<!-- This site is optimized with the Yoast SEO plugin v27.4 - https:\/\/yoast.com\/product\/yoast-seo-wordpress\/ -->\n<title>Nowo\u015bci | Bachaturo<\/title>\n<meta name=\"description\" content=\"Do\u0142\u0105cz do nas na najwi\u0119ksz\u0105 \u015bwiatow\u0105 imprez\u0119 po\u015bwi\u0119con\u0105 Salsa, Bachacie, Kizombie, Cubanie i Urbankizz. Wydarzenie to odb\u0119dzie si\u0119 w Katowicach, w dniach od 18 do 20 sierpnia 2023 roku.\" \/>\n<meta name=\"robots\" content=\"index, follow, max-snippet:-1, max-image-preview:large, max-video-preview:-1\" \/>\n<link rel=\"canonical\" href=\"https:\/\/bachaturo.com\/index.php\/news\/\" \/>\n<meta property=\"og:locale\" content=\"en_US\" \/>\n<meta property=\"og:type\" content=\"article\" \/>\n<meta property=\"og:title\" content=\"Nowo\u015bci | Bachaturo\" \/>\n<meta property=\"og:description\" content=\"Do\u0142\u0105cz do nas na najwi\u0119ksz\u0105 \u015bwiatow\u0105 imprez\u0119 po\u015bwi\u0119con\u0105 Salsa, Bachacie, Kizombie, Cubanie i Urbankizz. Wydarzenie to odb\u0119dzie si\u0119 w Katowicach, w dniach od 18 do 20 sierpnia 2023 roku.\" \/>\n<meta property=\"og:url\" content=\"https:\/\/bachaturo.com\/index.php\/news\/\" \/>\n<meta property=\"article:modified_time\" content=\"2024-08-27T09:02:42+00:00\" \/>\n<meta name=\"twitter:card\" content=\"summary_large_image\" \/>\n<meta name=\"twitter:label1\" content=\"Est. reading time\" \/>\n\t<meta name=\"twitter:data1\" content=\"1 minute\" \/>\n<script type=\"application\/ld+json\" class=\"yoast-schema-graph\">{\"@context\":\"https:\\\/\\\/schema.org\",\"@graph\":[{\"@type\":\"WebPage\",\"@id\":\"https:\\\/\\\/bachaturo.com\\\/index.php\\\/news\\\/\",\"url\":\"https:\\\/\\\/bachaturo.com\\\/index.php\\\/news\\\/\",\"name\":\"Nowo\u015bci | Bachaturo\",\"isPartOf\":{\"@id\":\"https:\\\/\\\/bachaturo.com\\\/#website\"},\"datePublished\":\"2023-05-18T09:06:55+00:00\",\"dateModified\":\"2024-08-27T09:02:42+00:00\",\"description\":\"Do\u0142\u0105cz do nas na najwi\u0119ksz\u0105 \u015bwiatow\u0105 imprez\u0119 po\u015bwi\u0119con\u0105 Salsa, Bachacie, Kizombie, Cubanie i Urbankizz. Wydarzenie to odb\u0119dzie si\u0119 w Katowicach, w dniach od 18 do 20 sierpnia 2023 roku.\",\"breadcrumb\":{\"@id\":\"https:\\\/\\\/bachaturo.com\\\/index.php\\\/news\\\/#breadcrumb\"},\"inLanguage\":\"en-US\",\"potentialAction\":[{\"@type\":\"ReadAction\",\"target\":[\"https:\\\/\\\/bachaturo.com\\\/index.php\\\/news\\\/\"]}]},{\"@type\":\"BreadcrumbList\",\"@id\":\"https:\\\/\\\/bachaturo.com\\\/index.php\\\/news\\\/#breadcrumb\",\"itemListElement\":[{\"@type\":\"ListItem\",\"position\":1,\"name\":\"Home\",\"item\":\"https:\\\/\\\/bachaturo.com\\\/\"},{\"@type\":\"ListItem\",\"position\":2,\"name\":\"News\"}]},{\"@type\":\"WebSite\",\"@id\":\"https:\\\/\\\/bachaturo.com\\\/#website\",\"url\":\"https:\\\/\\\/bachaturo.com\\\/\",\"name\":\"\",\"description\":\"\",\"potentialAction\":[{\"@type\":\"SearchAction\",\"target\":{\"@type\":\"EntryPoint\",\"urlTemplate\":\"https:\\\/\\\/bachaturo.com\\\/?s={search_term_string}\"},\"query-input\":{\"@type\":\"PropertyValueSpecification\",\"valueRequired\":true,\"valueName\":\"search_term_string\"}}],\"inLanguage\":\"en-US\"}]}<\/script>\n<!-- \/ Yoast SEO plugin. -->","yoast_head_json":{"title":"Nowo\u015bci | Bachaturo","description":"Do\u0142\u0105cz do nas na najwi\u0119ksz\u0105 \u015bwiatow\u0105 imprez\u0119 po\u015bwi\u0119con\u0105 Salsa, Bachacie, Kizombie, Cubanie i Urbankizz. Wydarzenie to odb\u0119dzie si\u0119 w Katowicach, w dniach od 18 do 20 sierpnia 2023 roku.","robots":{"index":"index","follow":"follow","max-snippet":"max-snippet:-1","max-image-preview":"max-image-preview:large","max-video-preview":"max-video-preview:-1"},"canonical":"https:\/\/bachaturo.com\/index.php\/news\/","og_locale":"en_US","og_type":"article","og_title":"Nowo\u015bci | Bachaturo","og_description":"Do\u0142\u0105cz do nas na najwi\u0119ksz\u0105 \u015bwiatow\u0105 imprez\u0119 po\u015bwi\u0119con\u0105 Salsa, Bachacie, Kizombie, Cubanie i Urbankizz. Wydarzenie to odb\u0119dzie si\u0119 w Katowicach, w dniach od 18 do 20 sierpnia 2023 roku.","og_url":"https:\/\/bachaturo.com\/index.php\/news\/","article_modified_time":"2024-08-27T09:02:42+00:00","twitter_card":"summary_large_image","twitter_misc":{"Est. reading time":"1 minute"},"schema":{"@context":"https:\/\/schema.org","@graph":[{"@type":"WebPage","@id":"https:\/\/bachaturo.com\/index.php\/news\/","url":"https:\/\/bachaturo.com\/index.php\/news\/","name":"Nowo\u015bci | Bachaturo","isPartOf":{"@id":"https:\/\/bachaturo.com\/#website"},"datePublished":"2023-05-18T09:06:55+00:00","dateModified":"2024-08-27T09:02:42+00:00","description":"Do\u0142\u0105cz do nas na najwi\u0119ksz\u0105 \u015bwiatow\u0105 imprez\u0119 po\u015bwi\u0119con\u0105 Salsa, Bachacie, Kizombie, Cubanie i Urbankizz. Wydarzenie to odb\u0119dzie si\u0119 w Katowicach, w dniach od 18 do 20 sierpnia 2023 roku.","breadcrumb":{"@id":"https:\/\/bachaturo.com\/index.php\/news\/#breadcrumb"},"inLanguage":"en-US","potentialAction":[{"@type":"ReadAction","target":["https:\/\/bachaturo.com\/index.php\/news\/"]}]},{"@type":"BreadcrumbList","@id":"https:\/\/bachaturo.com\/index.php\/news\/#breadcrumb","itemListElement":[{"@type":"ListItem","position":1,"name":"Home","item":"https:\/\/bachaturo.com\/"},{"@type":"ListItem","position":2,"name":"News"}]},{"@type":"WebSite","@id":"https:\/\/bachaturo.com\/#website","url":"https:\/\/bachaturo.com\/","name":"","description":"","potentialAction":[{"@type":"SearchAction","target":{"@type":"EntryPoint","urlTemplate":"https:\/\/bachaturo.com\/?s={search_term_string}"},"query-input":{"@type":"PropertyValueSpecification","valueRequired":true,"valueName":"search_term_string"}}],"inLanguage":"en-US"}]}},"_links":{"self":[{"href":"https:\/\/bachaturo.com\/index.php\/wp-json\/wp\/v2\/pages\/756","targetHints":{"allow":["GET"]}}],"collection":[{"href":"https:\/\/bachaturo.com\/index.php\/wp-json\/wp\/v2\/pages"}],"about":[{"href":"https:\/\/bachaturo.com\/index.php\/wp-json\/wp\/v2\/types\/page"}],"author":[{"embeddable":true,"href":"https:\/\/bachaturo.com\/index.php\/wp-json\/wp\/v2\/users\/1"}],"replies":[{"embeddable":true,"href":"https:\/\/bachaturo.com\/index.php\/wp-json\/wp\/v2\/comments?post=756"}],"version-history":[{"count":31,"href":"https:\/\/bachaturo.com\/index.php\/wp-json\/wp\/v2\/pages\/756\/revisions"}],"predecessor-version":[{"id":2088,"href":"https:\/\/bachaturo.com\/index.php\/wp-json\/wp\/v2\/pages\/756\/revisions\/2088"}],"wp:attachment":[{"href":"https:\/\/bachaturo.com\/index.php\/wp-json\/wp\/v2\/media?parent=756"}],"curies":[{"name":"wp","href":"https:\/\/api.w.org\/{rel}","templated":true}]}}